{"id":14340,"date":"2026-05-12T12:09:28","date_gmt":"2026-05-12T16:09:28","guid":{"rendered":"https:\/\/www.venetur.com\/?page_id=14340"},"modified":"2026-05-12T12:09:29","modified_gmt":"2026-05-12T16:09:29","slug":"noticia-27-04-2026-2","status":"publish","type":"page","link":"https:\/\/www.venetur.com\/index.php\/noticia-27-04-2026-2\/","title":{"rendered":"Noticia 27\/04\/2026"},"content":{"rendered":"<p>[et_pb_section fb_built=\u00bb1&#8243; admin_label=\u00bbHeader\u00bb _builder_version=\u00bb4.27.5&#8243; _module_preset=\u00bbdefault\u00bb use_background_color_gradient=\u00bbon\u00bb background_color_gradient_stops=\u00bbrgba(34,34,34,0) 0%|gcid-1f9b0bb3-481a-49f1-9fe6-999fc3c3182b 100%\u00bb background_color_gradient_overlays_image=\u00bbon\u00bb background_image=\u00bbhttps:\/\/www.venetur.com\/wp-content\/uploads\/2026\/03\/5055403402384313229.jpg\u00bb custom_padding=\u00bb90px||90px||true|false\u00bb locked=\u00bboff\u00bb collapsed=\u00bbon\u00bb global_colors_info=\u00bb{%22gcid-1f9b0bb3-481a-49f1-9fe6-999fc3c3182b%22:%91%22background_color_gradient_stops%22%93}\u00bb][et_pb_row _builder_version=\u00bb4.20.0&#8243; _module_preset=\u00bbdefault\u00bb global_colors_info=\u00bb{}\u00bb][et_pb_column type=\u00bb4_4&#8243; _builder_version=\u00bb4.20.0&#8243; _module_preset=\u00bbdefault\u00bb global_colors_info=\u00bb{}\u00bb][et_pb_text _builder_version=\u00bb4.20.0&#8243; _module_preset=\u00bba33b5007-2e03-4cc8-91fc-4115ad4c8f26&#8243; header_text_color=\u00bb#FFFFFF\u00bb text_orientation=\u00bbcenter\u00bb custom_margin=\u00bb||10px||false|false\u00bb global_colors_info=\u00bb{}\u00bb][\/et_pb_text][\/et_pb_column][\/et_pb_row][\/et_pb_section][et_pb_section fb_built=\u00bb1&#8243; admin_label=\u00bbServices\u00bb _builder_version=\u00bb4.20.0&#8243; _module_preset=\u00bbdefault\u00bb background_color=\u00bbRGBA(255,255,255,0)\u00bb custom_padding=\u00bb0px||||false|false\u00bb collapsed=\u00bbon\u00bb global_colors_info=\u00bb{}\u00bb][et_pb_row custom_padding_last_edited=\u00bbon|phone\u00bb _builder_version=\u00bb4.27.5&#8243; _module_preset=\u00bbdefault\u00bb background_color=\u00bbgcid-86da69f8-ce43-4c42-8395-4abd58818e72&#8243; width=\u00bb73%\u00bb custom_margin=\u00bb-60px||||false|false\u00bb custom_padding=\u00bb60px|60px|60px|60px|true|true\u00bb custom_padding_tablet=\u00bb30px|30px|30px|30px|true|true\u00bb custom_padding_phone=\u00bb20px|20px|20px|20px|true|true\u00bb border_radii=\u00bbon|16px|16px|16px|16px\u00bb global_colors_info=\u00bb{%22gcid-86da69f8-ce43-4c42-8395-4abd58818e72%22:%91%22background_color%22%93}\u00bb][et_pb_column type=\u00bb4_4&#8243; _builder_version=\u00bb4.20.0&#8243; _module_preset=\u00bbdefault\u00bb global_colors_info=\u00bb{}\u00bb][et_pb_text content_tablet=\u00bb<\/p>\n<h1><strong data-entity-type=%22MessageEntityBold%22>Margarita se mantiene como el destino ideal en Semana Santa<\/strong><\/h1>\n<p>\u00bb content_phone=\u00bb<\/p>\n<h4><strong data-entity-type=%22MessageEntityBold%22>Margarita se mantiene como el destino ideal en Semana Santa<\/strong><\/h4>\n<p>\u00bb content_last_edited=\u00bbon|phone\u00bb _builder_version=\u00bb4.27.6&#8243; _module_preset=\u00bb91340e2b-a870-4e1c-b74d-9b8c47a361ea\u00bb custom_margin=\u00bb-28px||||false|false\u00bb custom_margin_tablet=\u00bb-28px||||false|false\u00bb custom_margin_phone=\u00bb0px||||false|false\u00bb custom_margin_last_edited=\u00bbon|phone\u00bb custom_padding=\u00bb0px||15px||false|false\u00bb global_colors_info=\u00bb{}\u00bb]<\/p>\n<h1><strong data-entity-type=\"MessageEntityBold\">Aragua cuenta con 60 nuevos especialistas en Turismo Comunitario Sostenible<\/strong><\/h1>\n<p>[\/et_pb_text][et_pb_image src=\u00bbhttps:\/\/www.venetur.com\/wp-content\/uploads\/2026\/05\/11.11-1.jpg\u00bb title_text=\u00bb11.11&#8243; _builder_version=\u00bb4.27.6&#8243; _module_preset=\u00bbdefault\u00bb width=\u00bb93%\u00bb module_alignment=\u00bbcenter\u00bb hover_enabled=\u00bb0&#8243; box_shadow_style=\u00bbpreset2&#8243; global_colors_info=\u00bb{}\u00bb sticky_enabled=\u00bb0&#8243; custom_padding=\u00bb||5px|||\u00bb min_height=\u00bb945px\u00bb][\/et_pb_image][et_pb_text _builder_version=\u00bb4.27.6&#8243; _module_preset=\u00bb0b36fe94-9250-4e7d-a80a-3c5ba7852df0&#8243; custom_margin=\u00bb0px||-2px||false|false\u00bb custom_padding=\u00bb35px||||false|false\u00bb hover_enabled=\u00bb0&#8243; global_colors_info=\u00bb{}\u00bb sticky_enabled=\u00bb0&#8243;]<\/p>\n<p style=\"text-align: justify;\"><span>Culmin\u00f3 el diplomado \u201cTurismo Comunitario Sostenible y con Identidad\u201d, impartido por la Secretar\u00eda de Turismo y la Corporaci\u00f3n de Turismo del estado Aragua.<\/span><\/p>\n<div class=\"content-inner\" dir=\"auto\">\n<div class=\"text-content clearfix with-meta\" dir=\"auto\">\n<p>Caracas, 27.04.2026 (Prensa Mintur).- Un total de 60 participantes culmin\u00f3 con \u00e9xito el diplomado \u201cTurismo Comunitario Sostenible y con Identidad\u201d, un proceso formativo impartido por la Secretar\u00eda de Turismo y la Corporaci\u00f3n de Turismo del estado Aragua. Esta iniciativa cuenta con el respaldo de la ministra del Poder Popular para el Turismo, Daniella Cabello, con el prop\u00f3sito de fortalecer la profesionalizaci\u00f3n del sector en la regi\u00f3n y potenciar la identidad cultural como eje central de la oferta tur\u00edstica.<\/p>\n<p>El cierre de esta etapa acad\u00e9mica cont\u00f3 con la presencia de la viceministra de Turismo Nacional, Nadia Mignogna, junto a autoridades nacionales y regionales, entre ellas la gobernadora de la entidad, Joana S\u00e1nchez. Durante su formaci\u00f3n, los estudiantes adquirieron destrezas para la ejecuci\u00f3n de un turismo innovador, humano y transformador; adem\u00e1s de conocimientos en \u00e1reas estrat\u00e9gicas como el dise\u00f1o de experiencias aut\u00e9nticas, la gesti\u00f3n eficiente de proyectos y el registro de marcas colectivas.<\/p>\n<p>Estas competencias resultan vitales para la consolidaci\u00f3n de propuestas con prop\u00f3sito que generen un impacto positivo en el territorio. El objetivo central es asegurar un crecimiento econ\u00f3mico responsable, arraigado a las tradiciones del pueblo arag\u00fce\u00f1o, lo cual garantiza una conexi\u00f3n real con la esencia de cada localidad a trav\u00e9s del conocimiento t\u00e9cnico.<\/p>\n<p>De esta manera, el Gobierno Nacional territorializa la diversificaci\u00f3n de la econom\u00eda y apuesta por los saberes del Poder Popular. Esta formaci\u00f3n abre nuevas oportunidades para quienes desean proyectar un turismo sostenible y de calidad en la entidad.<span class=\"MessageMeta\" dir=\"ltr\" data-ignore-on-paste=\"true\"><span class=\"message-time\"><\/span><\/span><\/div>\n<\/div>\n<div class=\"message-action-buttons-container\"><\/div>\n<p>[\/et_pb_text][\/et_pb_column][\/et_pb_row][\/et_pb_section]<\/p>\n","protected":false},"excerpt":{"rendered":"<p>Aragua cuenta con 60 nuevos especialistas en Turismo Comunitario SostenibleCulmin\u00f3 el diplomado \u201cTurismo Comunitario Sostenible y con Identidad\u201d, impartido por la Secretar\u00eda de Turismo y la Corporaci\u00f3n de Turismo del [&hellip;]<\/p>\n","protected":false},"author":1,"featured_media":0,"parent":0,"menu_order":0,"comment_status":"closed","ping_status":"closed","template":"","meta":{"_et_pb_use_builder":"on","_et_pb_old_content":"","_et_gb_content_width":"","inline_featured_image":false,"_joinchat":[],"footnotes":""},"class_list":["post-14340","page","type-page","status-publish","hentry"],"_links":{"self":[{"href":"https:\/\/www.venetur.com\/index.php\/wp-json\/wp\/v2\/pages\/14340","targetHints":{"allow":["GET"]}}],"collection":[{"href":"https:\/\/www.venetur.com\/index.php\/wp-json\/wp\/v2\/pages"}],"about":[{"href":"https:\/\/www.venetur.com\/index.php\/wp-json\/wp\/v2\/types\/page"}],"author":[{"embeddable":true,"href":"https:\/\/www.venetur.com\/index.php\/wp-json\/wp\/v2\/users\/1"}],"replies":[{"embeddable":true,"href":"https:\/\/www.venetur.com\/index.php\/wp-json\/wp\/v2\/comments?post=14340"}],"version-history":[{"count":3,"href":"https:\/\/www.venetur.com\/index.php\/wp-json\/wp\/v2\/pages\/14340\/revisions"}],"predecessor-version":[{"id":14409,"href":"https:\/\/www.venetur.com\/index.php\/wp-json\/wp\/v2\/pages\/14340\/revisions\/14409"}],"wp:attachment":[{"href":"https:\/\/www.venetur.com\/index.php\/wp-json\/wp\/v2\/media?parent=14340"}],"curies":[{"name":"wp","href":"https:\/\/api.w.org\/{rel}","templated":true}]}}