{"id":14330,"date":"2026-05-12T13:08:43","date_gmt":"2026-05-12T17:08:43","guid":{"rendered":"https:\/\/www.venetur.com\/?page_id=14330"},"modified":"2026-05-12T13:08:44","modified_gmt":"2026-05-12T17:08:44","slug":"noticia-22-04-2026-3","status":"publish","type":"page","link":"https:\/\/www.venetur.com\/index.php\/noticia-22-04-2026-3\/","title":{"rendered":"Noticia 22\/04\/2026"},"content":{"rendered":"<p>[et_pb_section fb_built=\u00bb1&#8243; admin_label=\u00bbHeader\u00bb _builder_version=\u00bb4.27.5&#8243; _module_preset=\u00bbdefault\u00bb use_background_color_gradient=\u00bbon\u00bb background_color_gradient_stops=\u00bbrgba(34,34,34,0) 0%|gcid-1f9b0bb3-481a-49f1-9fe6-999fc3c3182b 100%\u00bb background_color_gradient_overlays_image=\u00bbon\u00bb background_image=\u00bbhttps:\/\/www.venetur.com\/wp-content\/uploads\/2026\/03\/5055403402384313229.jpg\u00bb custom_padding=\u00bb90px||90px||true|false\u00bb locked=\u00bboff\u00bb collapsed=\u00bbon\u00bb global_colors_info=\u00bb{%22gcid-1f9b0bb3-481a-49f1-9fe6-999fc3c3182b%22:%91%22background_color_gradient_stops%22%93}\u00bb][et_pb_row _builder_version=\u00bb4.20.0&#8243; _module_preset=\u00bbdefault\u00bb global_colors_info=\u00bb{}\u00bb][et_pb_column type=\u00bb4_4&#8243; _builder_version=\u00bb4.20.0&#8243; _module_preset=\u00bbdefault\u00bb global_colors_info=\u00bb{}\u00bb][et_pb_text _builder_version=\u00bb4.20.0&#8243; _module_preset=\u00bba33b5007-2e03-4cc8-91fc-4115ad4c8f26&#8243; header_text_color=\u00bb#FFFFFF\u00bb text_orientation=\u00bbcenter\u00bb custom_margin=\u00bb||10px||false|false\u00bb global_colors_info=\u00bb{}\u00bb][\/et_pb_text][\/et_pb_column][\/et_pb_row][\/et_pb_section][et_pb_section fb_built=\u00bb1&#8243; admin_label=\u00bbServices\u00bb _builder_version=\u00bb4.20.0&#8243; _module_preset=\u00bbdefault\u00bb background_color=\u00bbRGBA(255,255,255,0)\u00bb custom_padding=\u00bb0px||||false|false\u00bb collapsed=\u00bbon\u00bb global_colors_info=\u00bb{}\u00bb][et_pb_row custom_padding_last_edited=\u00bbon|phone\u00bb _builder_version=\u00bb4.27.5&#8243; _module_preset=\u00bbdefault\u00bb background_color=\u00bbgcid-86da69f8-ce43-4c42-8395-4abd58818e72&#8243; width=\u00bb73%\u00bb custom_margin=\u00bb-60px||||false|false\u00bb custom_padding=\u00bb60px|60px|60px|60px|true|true\u00bb custom_padding_tablet=\u00bb30px|30px|30px|30px|true|true\u00bb custom_padding_phone=\u00bb20px|20px|20px|20px|true|true\u00bb border_radii=\u00bbon|16px|16px|16px|16px\u00bb global_colors_info=\u00bb{%22gcid-86da69f8-ce43-4c42-8395-4abd58818e72%22:%91%22background_color%22%93}\u00bb][et_pb_column type=\u00bb4_4&#8243; _builder_version=\u00bb4.20.0&#8243; _module_preset=\u00bbdefault\u00bb global_colors_info=\u00bb{}\u00bb][et_pb_text content_tablet=\u00bb<\/p>\n<h1><strong data-entity-type=%22MessageEntityBold%22>Margarita se mantiene como el destino ideal en Semana Santa<\/strong><\/h1>\n<p>\u00bb content_phone=\u00bb<\/p>\n<h4><strong data-entity-type=%22MessageEntityBold%22>Margarita se mantiene como el destino ideal en Semana Santa<\/strong><\/h4>\n<p>\u00bb content_last_edited=\u00bbon|phone\u00bb _builder_version=\u00bb4.27.6&#8243; _module_preset=\u00bb91340e2b-a870-4e1c-b74d-9b8c47a361ea\u00bb custom_margin=\u00bb-28px||||false|false\u00bb custom_margin_tablet=\u00bb-28px||||false|false\u00bb custom_margin_phone=\u00bb0px||||false|false\u00bb custom_margin_last_edited=\u00bbon|phone\u00bb custom_padding=\u00bb0px||15px||false|false\u00bb global_colors_info=\u00bb{}\u00bb]<\/p>\n<h1><strong data-entity-type=\"MessageEntityBold\">Presidenta Delcy Rodr\u00edguez impulsa el emprendimiento tur\u00edstico en Falc\u00f3n<\/strong><\/h1>\n<p>[\/et_pb_text][et_pb_image src=\u00bbhttps:\/\/www.venetur.com\/wp-content\/uploads\/2026\/05\/6.6.jpg\u00bb title_text=\u00bb6.6&#8243; _builder_version=\u00bb4.27.6&#8243; _module_preset=\u00bbdefault\u00bb width=\u00bb93%\u00bb module_alignment=\u00bbcenter\u00bb hover_enabled=\u00bb0&#8243; box_shadow_style=\u00bbpreset2&#8243; global_colors_info=\u00bb{}\u00bb sticky_enabled=\u00bb0&#8243;][\/et_pb_image][et_pb_text _builder_version=\u00bb4.27.6&#8243; _module_preset=\u00bb0b36fe94-9250-4e7d-a80a-3c5ba7852df0&#8243; custom_margin=\u00bb0px||-2px||false|false\u00bb custom_padding=\u00bb35px||||false|false\u00bb hover_enabled=\u00bb0&#8243; global_colors_info=\u00bb{}\u00bb sticky_enabled=\u00bb0&#8243;]<\/p>\n<p style=\"text-align: justify;\"><span>La presidenta (E) Delcy Rodr\u00edguez, design\u00f3 a los titulares del Ministerio del Poder Popular para el Turismo y de la Juventud, Daniella Cabello y Sergio Lotartaro, para desarrollar planes de emprendimiento en el estado Falc\u00f3n.<\/span><\/p>\n<p style=\"text-align: justify;\"><span>Caracas, 22.04.2026 (Prensa Mintur).- Desde el Parque Nacional M\u00e9danos de Coro, la presidenta (E) Delcy Rodr\u00edguez, design\u00f3 este martes 21 de abril a los titulares del Ministerio del Poder Popular para el Turismo y de la Juventud, Daniella Cabello y Sergio Lotartaro respectivamente, para desarrollar planes de emprendimiento en el estado Falc\u00f3n. El objetivo es revitalizar y potenciar uno de los \u00edconos naturales m\u00e1s emblem\u00e1ticos de Venezuela.<\/span><\/p>\n<p><span>Ambas autoridades presentar\u00e1n una iniciativa innovadora que capte la esencia del Parque Nacional M\u00e9danos de Coro, adem\u00e1s de fomentar la participaci\u00f3n activa de los emprendedores locales y su participaci\u00f3n tur\u00edstica. La visi\u00f3n detr\u00e1s de este proyecto es crear un modelo de desarrollo sostenible que armonice la movilizaci\u00f3n tur\u00edstica y el crecimiento econ\u00f3mico, con la preservaci\u00f3n del ecosistema de estos paisajes des\u00e9rticos.<\/span><\/p>\n<p><span>Durante la visita, la Primera Mandataria comparti\u00f3 junto al pueblo y diversos sectores sociales por las calles empedradas del Casco Hist\u00f3rico de Coro, ciudad Patrimonio Cultural de la Humanidad como una manifestaci\u00f3n de espiritualidad y compromiso nacional. Esta actividad forma parte de la Gran Peregrinaci\u00f3n Nacional, una caminata cargada de historia y simbolismo patri\u00f3tico que arranc\u00f3 el pasado domingo 19 de abril, y que forma parte de una campa\u00f1a nacional que proyecta a Venezuela como un territorio de paz y libertad.<\/span><\/p>\n<p><span>El recorrido es un llamado por la dignidad, el respeto a la soberan\u00eda y la uni\u00f3n de todos los venezolanos para superar los desaf\u00edos impuestos por el bloqueo. La Jefa de Estado invit\u00f3 a todo el pueblo a integrarse activamente a esta jornada que recorrer\u00e1 cada rinc\u00f3n de la geograf\u00eda regional, para elevar una sola voz ante el mundo.<\/span><\/p>\n<p>[\/et_pb_text][\/et_pb_column][\/et_pb_row][\/et_pb_section]<\/p>\n","protected":false},"excerpt":{"rendered":"<p>Presidenta Delcy Rodr\u00edguez impulsa el emprendimiento tur\u00edstico en Falc\u00f3nLa presidenta (E) Delcy Rodr\u00edguez, design\u00f3 a los titulares del Ministerio del Poder Popular para el Turismo y de la Juventud, Daniella [&hellip;]<\/p>\n","protected":false},"author":1,"featured_media":0,"parent":0,"menu_order":0,"comment_status":"closed","ping_status":"closed","template":"","meta":{"_et_pb_use_builder":"on","_et_pb_old_content":"","_et_gb_content_width":"","inline_featured_image":false,"_joinchat":[],"footnotes":""},"class_list":["post-14330","page","type-page","status-publish","hentry"],"_links":{"self":[{"href":"https:\/\/www.venetur.com\/index.php\/wp-json\/wp\/v2\/pages\/14330","targetHints":{"allow":["GET"]}}],"collection":[{"href":"https:\/\/www.venetur.com\/index.php\/wp-json\/wp\/v2\/pages"}],"about":[{"href":"https:\/\/www.venetur.com\/index.php\/wp-json\/wp\/v2\/types\/page"}],"author":[{"embeddable":true,"href":"https:\/\/www.venetur.com\/index.php\/wp-json\/wp\/v2\/users\/1"}],"replies":[{"embeddable":true,"href":"https:\/\/www.venetur.com\/index.php\/wp-json\/wp\/v2\/comments?post=14330"}],"version-history":[{"count":3,"href":"https:\/\/www.venetur.com\/index.php\/wp-json\/wp\/v2\/pages\/14330\/revisions"}],"predecessor-version":[{"id":14433,"href":"https:\/\/www.venetur.com\/index.php\/wp-json\/wp\/v2\/pages\/14330\/revisions\/14433"}],"wp:attachment":[{"href":"https:\/\/www.venetur.com\/index.php\/wp-json\/wp\/v2\/media?parent=14330"}],"curies":[{"name":"wp","href":"https:\/\/api.w.org\/{rel}","templated":true}]}}