{"id":14324,"date":"2026-05-12T13:15:25","date_gmt":"2026-05-12T17:15:25","guid":{"rendered":"https:\/\/www.venetur.com\/?page_id=14324"},"modified":"2026-05-12T13:15:26","modified_gmt":"2026-05-12T17:15:26","slug":"noticia-21-04-2026-2","status":"publish","type":"page","link":"https:\/\/www.venetur.com\/index.php\/noticia-21-04-2026-2\/","title":{"rendered":"Noticia 21\/04\/2026"},"content":{"rendered":"<p>[et_pb_section fb_built=\u00bb1&#8243; admin_label=\u00bbHeader\u00bb _builder_version=\u00bb4.27.5&#8243; _module_preset=\u00bbdefault\u00bb use_background_color_gradient=\u00bbon\u00bb background_color_gradient_stops=\u00bbrgba(34,34,34,0) 0%|gcid-1f9b0bb3-481a-49f1-9fe6-999fc3c3182b 100%\u00bb background_color_gradient_overlays_image=\u00bbon\u00bb background_image=\u00bbhttps:\/\/www.venetur.com\/wp-content\/uploads\/2026\/03\/5055403402384313229.jpg\u00bb custom_padding=\u00bb90px||90px||true|false\u00bb locked=\u00bboff\u00bb collapsed=\u00bbon\u00bb global_colors_info=\u00bb{%22gcid-1f9b0bb3-481a-49f1-9fe6-999fc3c3182b%22:%91%22background_color_gradient_stops%22%93}\u00bb][et_pb_row _builder_version=\u00bb4.20.0&#8243; _module_preset=\u00bbdefault\u00bb global_colors_info=\u00bb{}\u00bb][et_pb_column type=\u00bb4_4&#8243; _builder_version=\u00bb4.20.0&#8243; _module_preset=\u00bbdefault\u00bb global_colors_info=\u00bb{}\u00bb][et_pb_text _builder_version=\u00bb4.20.0&#8243; _module_preset=\u00bba33b5007-2e03-4cc8-91fc-4115ad4c8f26&#8243; header_text_color=\u00bb#FFFFFF\u00bb text_orientation=\u00bbcenter\u00bb custom_margin=\u00bb||10px||false|false\u00bb global_colors_info=\u00bb{}\u00bb][\/et_pb_text][\/et_pb_column][\/et_pb_row][\/et_pb_section][et_pb_section fb_built=\u00bb1&#8243; admin_label=\u00bbServices\u00bb _builder_version=\u00bb4.20.0&#8243; _module_preset=\u00bbdefault\u00bb background_color=\u00bbRGBA(255,255,255,0)\u00bb custom_padding=\u00bb0px||||false|false\u00bb collapsed=\u00bbon\u00bb global_colors_info=\u00bb{}\u00bb][et_pb_row custom_padding_last_edited=\u00bbon|phone\u00bb _builder_version=\u00bb4.27.5&#8243; _module_preset=\u00bbdefault\u00bb background_color=\u00bbgcid-86da69f8-ce43-4c42-8395-4abd58818e72&#8243; width=\u00bb73%\u00bb custom_margin=\u00bb-60px||||false|false\u00bb custom_padding=\u00bb60px|60px|60px|60px|true|true\u00bb custom_padding_tablet=\u00bb30px|30px|30px|30px|true|true\u00bb custom_padding_phone=\u00bb20px|20px|20px|20px|true|true\u00bb border_radii=\u00bbon|16px|16px|16px|16px\u00bb global_colors_info=\u00bb{%22gcid-86da69f8-ce43-4c42-8395-4abd58818e72%22:%91%22background_color%22%93}\u00bb][et_pb_column type=\u00bb4_4&#8243; _builder_version=\u00bb4.20.0&#8243; _module_preset=\u00bbdefault\u00bb global_colors_info=\u00bb{}\u00bb][et_pb_text content_tablet=\u00bb<\/p>\n<h1><strong data-entity-type=%22MessageEntityBold%22>Margarita se mantiene como el destino ideal en Semana Santa<\/strong><\/h1>\n<p>\u00bb content_phone=\u00bb<\/p>\n<h4><strong data-entity-type=%22MessageEntityBold%22>Margarita se mantiene como el destino ideal en Semana Santa<\/strong><\/h4>\n<p>\u00bb content_last_edited=\u00bbon|phone\u00bb _builder_version=\u00bb4.27.6&#8243; _module_preset=\u00bb91340e2b-a870-4e1c-b74d-9b8c47a361ea\u00bb custom_margin=\u00bb-28px||||false|false\u00bb custom_margin_tablet=\u00bb-28px||||false|false\u00bb custom_margin_phone=\u00bb0px||||false|false\u00bb custom_margin_last_edited=\u00bbon|phone\u00bb custom_padding=\u00bb0px||15px||false|false\u00bb global_colors_info=\u00bb{}\u00bb]<\/p>\n<h1><strong data-entity-type=\"MessageEntityBold\">Ministra Daniella Cabello explora inversiones con el sector portuario de Espa\u00f1a<\/strong><\/h1>\n<p>[\/et_pb_text][et_pb_image src=\u00bbhttps:\/\/www.venetur.com\/wp-content\/uploads\/2026\/05\/4-1.jpg\u00bb title_text=\u00bb4&#8243; _builder_version=\u00bb4.27.6&#8243; _module_preset=\u00bbdefault\u00bb width=\u00bb93%\u00bb module_alignment=\u00bbcenter\u00bb hover_enabled=\u00bb0&#8243; box_shadow_style=\u00bbpreset2&#8243; global_colors_info=\u00bb{}\u00bb sticky_enabled=\u00bb0&#8243;][\/et_pb_image][et_pb_text _builder_version=\u00bb4.27.6&#8243; _module_preset=\u00bb0b36fe94-9250-4e7d-a80a-3c5ba7852df0&#8243; custom_margin=\u00bb0px||-2px||false|false\u00bb custom_padding=\u00bb35px||||false|false\u00bb hover_enabled=\u00bb0&#8243; global_colors_info=\u00bb{}\u00bb sticky_enabled=\u00bb0&#8243;]<\/p>\n<p style=\"text-align: justify;\"><span>Nuevas inversiones con el sector portuario de Espa\u00f1a avanzan desde el Ministerio del Poder Popular para el Turismo. <\/span><\/p>\n<p style=\"text-align: justify;\"><span>Caracas, 21.04.2026 ( Prensa Mintur).- Nuevas inversiones con el sector portuario de Espa\u00f1a avanzan desde el Ministerio del Poder Popular para el Turismo. En una reuni\u00f3n efectuada este martes, 21 de abril, entre la ministra de Turismo, Daniella Cabello y el CEO del Grupo Estela Shipping, Miguel Arcos, se evaluaron los servicios que ofrece esta empresa mar\u00edtima para el sector de superyates y cruceros.<\/span><\/p>\n<p><span>Cabello destac\u00f3 la importancia de afianzar esta cooperaci\u00f3n para incentivar la inversi\u00f3n e incrementar el turismo receptivo, desde el continente europeo. Enfatiz\u00f3 que, a trav\u00e9s de estas alianzas, se logran posicionar destinos de talla internacional como la isla de Margarita y Los Roques.<\/span><br \/><span>\u200e<\/span><br \/><span>\u200ePor su parte, Arcos agradeci\u00f3 la invitaci\u00f3n y manifest\u00f3 su intenci\u00f3n de desarrollar en Venezuela una infraestructura n\u00e1utica que garantice a los viajeros una experiencia de alta calidad. \u00abQueremos que toda la comunidad portuaria de Espa\u00f1a venga y se sienta seducida por este maravilloso pa\u00eds, que ofrece excepcionales oportunidades para fortalecer este negocio\u00bb, expres\u00f3.<\/span><br \/><span>\u200e<\/span><br \/><span>\u200eEste encuentro reafirma el compromiso del Estado venezolano de modernizar su plataforma tur\u00edstica y portuaria, facilitando la llegada de nuevos capitales extranjeros. Con estas acciones, Venezuela se consolida como un puerto de destino preferente en el Caribe, mediante la prestaci\u00f3n de servicios de lujo que promuevan las bellezas naturales de Venezuela, ante el mercado global.<\/span><\/p>\n<p>[\/et_pb_text][\/et_pb_column][\/et_pb_row][\/et_pb_section]<\/p>\n","protected":false},"excerpt":{"rendered":"<p>Ministra Daniella Cabello explora inversiones con el sector portuario de Espa\u00f1aNuevas inversiones con el sector portuario de Espa\u00f1a avanzan desde el Ministerio del Poder Popular para el Turismo. Caracas, 21.04.2026 [&hellip;]<\/p>\n","protected":false},"author":1,"featured_media":0,"parent":0,"menu_order":0,"comment_status":"closed","ping_status":"closed","template":"","meta":{"_et_pb_use_builder":"on","_et_pb_old_content":"","_et_gb_content_width":"","inline_featured_image":false,"_joinchat":[],"footnotes":""},"class_list":["post-14324","page","type-page","status-publish","hentry"],"_links":{"self":[{"href":"https:\/\/www.venetur.com\/index.php\/wp-json\/wp\/v2\/pages\/14324","targetHints":{"allow":["GET"]}}],"collection":[{"href":"https:\/\/www.venetur.com\/index.php\/wp-json\/wp\/v2\/pages"}],"about":[{"href":"https:\/\/www.venetur.com\/index.php\/wp-json\/wp\/v2\/types\/page"}],"author":[{"embeddable":true,"href":"https:\/\/www.venetur.com\/index.php\/wp-json\/wp\/v2\/users\/1"}],"replies":[{"embeddable":true,"href":"https:\/\/www.venetur.com\/index.php\/wp-json\/wp\/v2\/comments?post=14324"}],"version-history":[{"count":3,"href":"https:\/\/www.venetur.com\/index.php\/wp-json\/wp\/v2\/pages\/14324\/revisions"}],"predecessor-version":[{"id":14436,"href":"https:\/\/www.venetur.com\/index.php\/wp-json\/wp\/v2\/pages\/14324\/revisions\/14436"}],"wp:attachment":[{"href":"https:\/\/www.venetur.com\/index.php\/wp-json\/wp\/v2\/media?parent=14324"}],"curies":[{"name":"wp","href":"https:\/\/api.w.org\/{rel}","templated":true}]}}