{"id":14224,"date":"2026-05-08T18:27:08","date_gmt":"2026-05-08T22:27:08","guid":{"rendered":"https:\/\/www.venetur.com\/?page_id=14224"},"modified":"2026-05-08T18:27:09","modified_gmt":"2026-05-08T22:27:09","slug":"noticia-17-04-2026","status":"publish","type":"page","link":"https:\/\/www.venetur.com\/index.php\/noticia-17-04-2026\/","title":{"rendered":"Noticia 17\/04\/2026"},"content":{"rendered":"<p>[et_pb_section fb_built=\u00bb1&#8243; admin_label=\u00bbHeader\u00bb _builder_version=\u00bb4.27.5&#8243; _module_preset=\u00bbdefault\u00bb use_background_color_gradient=\u00bbon\u00bb background_color_gradient_stops=\u00bbrgba(34,34,34,0) 0%|gcid-1f9b0bb3-481a-49f1-9fe6-999fc3c3182b 100%\u00bb background_color_gradient_overlays_image=\u00bbon\u00bb background_image=\u00bbhttps:\/\/www.venetur.com\/wp-content\/uploads\/2026\/03\/5055403402384313229.jpg\u00bb custom_padding=\u00bb90px||90px||true|false\u00bb locked=\u00bboff\u00bb collapsed=\u00bbon\u00bb global_colors_info=\u00bb{%22gcid-1f9b0bb3-481a-49f1-9fe6-999fc3c3182b%22:%91%22background_color_gradient_stops%22%93}\u00bb][et_pb_row _builder_version=\u00bb4.20.0&#8243; _module_preset=\u00bbdefault\u00bb global_colors_info=\u00bb{}\u00bb][et_pb_column type=\u00bb4_4&#8243; _builder_version=\u00bb4.20.0&#8243; _module_preset=\u00bbdefault\u00bb global_colors_info=\u00bb{}\u00bb][et_pb_text _builder_version=\u00bb4.20.0&#8243; _module_preset=\u00bba33b5007-2e03-4cc8-91fc-4115ad4c8f26&#8243; header_text_color=\u00bb#FFFFFF\u00bb text_orientation=\u00bbcenter\u00bb custom_margin=\u00bb||10px||false|false\u00bb global_colors_info=\u00bb{}\u00bb][\/et_pb_text][\/et_pb_column][\/et_pb_row][\/et_pb_section][et_pb_section fb_built=\u00bb1&#8243; admin_label=\u00bbServices\u00bb _builder_version=\u00bb4.20.0&#8243; _module_preset=\u00bbdefault\u00bb background_color=\u00bbRGBA(255,255,255,0)\u00bb custom_padding=\u00bb0px||||false|false\u00bb collapsed=\u00bbon\u00bb global_colors_info=\u00bb{}\u00bb][et_pb_row custom_padding_last_edited=\u00bbon|phone\u00bb _builder_version=\u00bb4.27.5&#8243; _module_preset=\u00bbdefault\u00bb background_color=\u00bbgcid-86da69f8-ce43-4c42-8395-4abd58818e72&#8243; width=\u00bb73%\u00bb custom_margin=\u00bb-60px||||false|false\u00bb custom_padding=\u00bb60px|60px|60px|60px|true|true\u00bb custom_padding_tablet=\u00bb30px|30px|30px|30px|true|true\u00bb custom_padding_phone=\u00bb20px|20px|20px|20px|true|true\u00bb border_radii=\u00bbon|16px|16px|16px|16px\u00bb global_colors_info=\u00bb{%22gcid-86da69f8-ce43-4c42-8395-4abd58818e72%22:%91%22background_color%22%93}\u00bb][et_pb_column type=\u00bb4_4&#8243; _builder_version=\u00bb4.20.0&#8243; _module_preset=\u00bbdefault\u00bb global_colors_info=\u00bb{}\u00bb][et_pb_text content_tablet=\u00bb<\/p>\n<h1><strong data-entity-type=%22MessageEntityBold%22>Margarita se mantiene como el destino ideal en Semana Santa<\/strong><\/h1>\n<p>\u00bb content_phone=\u00bb<\/p>\n<h4><strong data-entity-type=%22MessageEntityBold%22>Margarita se mantiene como el destino ideal en Semana Santa<\/strong><\/h4>\n<p>\u00bb content_last_edited=\u00bbon|phone\u00bb _builder_version=\u00bb4.27.6&#8243; _module_preset=\u00bb91340e2b-a870-4e1c-b74d-9b8c47a361ea\u00bb custom_margin=\u00bb-28px||||false|false\u00bb custom_margin_tablet=\u00bb-28px||||false|false\u00bb custom_margin_phone=\u00bb0px||||false|false\u00bb custom_margin_last_edited=\u00bbon|phone\u00bb custom_padding=\u00bb0px||15px||false|false\u00bb global_colors_info=\u00bb{}\u00bb]<\/p>\n<h1><strong data-entity-type=\"MessageEntityBold\">Ministra Daniella Cabello impulsa cooperaci\u00f3n bilateral con Azerbaiy\u00e1n<br \/>\n<\/strong><\/h1>\n<p>[\/et_pb_text][et_pb_image src=\u00bbhttps:\/\/www.venetur.com\/wp-content\/uploads\/2026\/05\/cooperacion-bilateral-con-Azerbaiyan.jpg\u00bb title_text=\u00bbcooperaci\u00f3n bilateral con Azerbaiy\u00e1n\u00bb _builder_version=\u00bb4.27.6&#8243; _module_preset=\u00bbdefault\u00bb width=\u00bb93%\u00bb module_alignment=\u00bbcenter\u00bb box_shadow_style=\u00bbpreset2&#8243; global_colors_info=\u00bb{}\u00bb][\/et_pb_image][et_pb_text _builder_version=\u00bb4.27.6&#8243; _module_preset=\u00bb0b36fe94-9250-4e7d-a80a-3c5ba7852df0&#8243; custom_margin=\u00bb0px||-2px||false|false\u00bb custom_padding=\u00bb35px||||false|false\u00bb global_colors_info=\u00bb{}\u00bb]<\/p>\n<p style=\"text-align: justify;\">**Extracto**:<\/p>\n<p style=\"text-align: justify;\">La ministra del Poder Popular para el Turismo, Daniella Cabello, sostuvo un encuentro con el embajador de la Rep\u00fablica de Azerbaiy\u00e1n en Venezuela, Ruslan Novruz Oglu Rzayev.<\/p>\n<p style=\"text-align: justify;\">Caracas, 17.04.2026 (Prensa Mintur).\u2013 Este jueves 16 de abril, la ministra del Poder Popular para el Turismo, Daniella Cabello, sostuvo un encuentro con el embajador de la Rep\u00fablica de Azerbaiy\u00e1n en Venezuela, Ruslan Novruz Oglu Rzayev, con el objetivo de promover la cooperaci\u00f3n estrat\u00e9gica en el sector. Ambas naciones mantienen v\u00ednculos diplom\u00e1ticos desde 1995, una relaci\u00f3n estrecha que se ha consolidado mediante acuerdos comerciales.<\/p>\n<p style=\"text-align: justify;\">Durante la reuni\u00f3n, las autoridades evaluaron estrategias destinadas a fortalecer y consolidar alianzas con turoperadores internacionales, para la promoci\u00f3n del cat\u00e1logo de destinos del pa\u00eds caribe\u00f1o y definir rutas de trabajo que favorezcan la creaci\u00f3n de ofertas innovadoras. Asimismo, se plante\u00f3 una promoci\u00f3n cruzada de destinos en un trabajo conjunto que busca dinamizar la industria y ofrecer experiencias \u00fanicas a los viajeros.<\/p>\n<p style=\"text-align: justify;\">Esta iniciativa forma parte del esfuerzo nacional por posicionar al turismo como un motor fundamental de la econom\u00eda venezolana. Dichas acciones responden a las directrices de la presidenta (E) Delcy Rodr\u00edguez, orientadas al desarrollo y la prosperidad de la naci\u00f3n.[\/et_pb_text][\/et_pb_column][\/et_pb_row][\/et_pb_section]<\/p>\n","protected":false},"excerpt":{"rendered":"<p>Ministra Daniella Cabello impulsa cooperaci\u00f3n bilateral con Azerbaiy\u00e1n **Extracto**: La ministra del Poder Popular para el Turismo, Daniella Cabello, sostuvo un encuentro con el embajador de la Rep\u00fablica de Azerbaiy\u00e1n [&hellip;]<\/p>\n","protected":false},"author":1,"featured_media":0,"parent":0,"menu_order":0,"comment_status":"closed","ping_status":"closed","template":"","meta":{"_et_pb_use_builder":"on","_et_pb_old_content":"","_et_gb_content_width":"","inline_featured_image":false,"_joinchat":[],"footnotes":""},"class_list":["post-14224","page","type-page","status-publish","hentry"],"_links":{"self":[{"href":"https:\/\/www.venetur.com\/index.php\/wp-json\/wp\/v2\/pages\/14224","targetHints":{"allow":["GET"]}}],"collection":[{"href":"https:\/\/www.venetur.com\/index.php\/wp-json\/wp\/v2\/pages"}],"about":[{"href":"https:\/\/www.venetur.com\/index.php\/wp-json\/wp\/v2\/types\/page"}],"author":[{"embeddable":true,"href":"https:\/\/www.venetur.com\/index.php\/wp-json\/wp\/v2\/users\/1"}],"replies":[{"embeddable":true,"href":"https:\/\/www.venetur.com\/index.php\/wp-json\/wp\/v2\/comments?post=14224"}],"version-history":[{"count":3,"href":"https:\/\/www.venetur.com\/index.php\/wp-json\/wp\/v2\/pages\/14224\/revisions"}],"predecessor-version":[{"id":14260,"href":"https:\/\/www.venetur.com\/index.php\/wp-json\/wp\/v2\/pages\/14224\/revisions\/14260"}],"wp:attachment":[{"href":"https:\/\/www.venetur.com\/index.php\/wp-json\/wp\/v2\/media?parent=14224"}],"curies":[{"name":"wp","href":"https:\/\/api.w.org\/{rel}","templated":true}]}}