{"id":14222,"date":"2026-05-08T17:36:34","date_gmt":"2026-05-08T21:36:34","guid":{"rendered":"https:\/\/www.venetur.com\/?page_id=14222"},"modified":"2026-05-08T18:01:47","modified_gmt":"2026-05-08T22:01:47","slug":"noticia-16-04-2026","status":"publish","type":"page","link":"https:\/\/www.venetur.com\/index.php\/noticia-16-04-2026\/","title":{"rendered":"Noticia 16\/04\/2026"},"content":{"rendered":"<p>[et_pb_section fb_built=\u00bb1&#8243; admin_label=\u00bbHeader\u00bb _builder_version=\u00bb4.27.5&#8243; _module_preset=\u00bbdefault\u00bb use_background_color_gradient=\u00bbon\u00bb background_color_gradient_stops=\u00bbrgba(34,34,34,0) 0%|gcid-1f9b0bb3-481a-49f1-9fe6-999fc3c3182b 100%\u00bb background_color_gradient_overlays_image=\u00bbon\u00bb background_image=\u00bbhttps:\/\/www.venetur.com\/wp-content\/uploads\/2026\/03\/5055403402384313229.jpg\u00bb custom_padding=\u00bb90px||90px||true|false\u00bb locked=\u00bboff\u00bb collapsed=\u00bbon\u00bb global_colors_info=\u00bb{%22gcid-1f9b0bb3-481a-49f1-9fe6-999fc3c3182b%22:%91%22background_color_gradient_stops%22%93}\u00bb][et_pb_row _builder_version=\u00bb4.20.0&#8243; _module_preset=\u00bbdefault\u00bb global_colors_info=\u00bb{}\u00bb][et_pb_column type=\u00bb4_4&#8243; _builder_version=\u00bb4.20.0&#8243; _module_preset=\u00bbdefault\u00bb global_colors_info=\u00bb{}\u00bb][et_pb_text _builder_version=\u00bb4.20.0&#8243; _module_preset=\u00bba33b5007-2e03-4cc8-91fc-4115ad4c8f26&#8243; header_text_color=\u00bb#FFFFFF\u00bb text_orientation=\u00bbcenter\u00bb custom_margin=\u00bb||10px||false|false\u00bb global_colors_info=\u00bb{}\u00bb][\/et_pb_text][\/et_pb_column][\/et_pb_row][\/et_pb_section][et_pb_section fb_built=\u00bb1&#8243; admin_label=\u00bbServices\u00bb _builder_version=\u00bb4.20.0&#8243; _module_preset=\u00bbdefault\u00bb background_color=\u00bbRGBA(255,255,255,0)\u00bb custom_padding=\u00bb0px||||false|false\u00bb collapsed=\u00bbon\u00bb global_colors_info=\u00bb{}\u00bb][et_pb_row custom_padding_last_edited=\u00bbon|phone\u00bb _builder_version=\u00bb4.27.5&#8243; _module_preset=\u00bbdefault\u00bb background_color=\u00bbgcid-86da69f8-ce43-4c42-8395-4abd58818e72&#8243; width=\u00bb73%\u00bb custom_margin=\u00bb-60px||||false|false\u00bb custom_padding=\u00bb60px|60px|60px|60px|true|true\u00bb custom_padding_tablet=\u00bb30px|30px|30px|30px|true|true\u00bb custom_padding_phone=\u00bb20px|20px|20px|20px|true|true\u00bb border_radii=\u00bbon|16px|16px|16px|16px\u00bb global_colors_info=\u00bb{%22gcid-86da69f8-ce43-4c42-8395-4abd58818e72%22:%91%22background_color%22%93}\u00bb][et_pb_column type=\u00bb4_4&#8243; _builder_version=\u00bb4.20.0&#8243; _module_preset=\u00bbdefault\u00bb global_colors_info=\u00bb{}\u00bb][et_pb_text content_tablet=\u00bb<\/p>\n<h1><strong data-entity-type=%22MessageEntityBold%22>Margarita se mantiene como el destino ideal en Semana Santa<\/strong><\/h1>\n<p>\u00bb content_phone=\u00bb<\/p>\n<h4><strong data-entity-type=%22MessageEntityBold%22>Margarita se mantiene como el destino ideal en Semana Santa<\/strong><\/h4>\n<p>\u00bb content_last_edited=\u00bbon|phone\u00bb _builder_version=\u00bb4.27.6&#8243; _module_preset=\u00bb91340e2b-a870-4e1c-b74d-9b8c47a361ea\u00bb custom_margin=\u00bb-28px||||false|false\u00bb custom_margin_tablet=\u00bb-28px||||false|false\u00bb custom_margin_phone=\u00bb0px||||false|false\u00bb custom_margin_last_edited=\u00bbon|phone\u00bb custom_padding=\u00bb0px||15px||false|false\u00bb hover_enabled=\u00bb0&#8243; global_colors_info=\u00bb{}\u00bb sticky_enabled=\u00bb0&#8243;]<\/p>\n<h1><strong data-entity-type=\"MessageEntityBold\">Mintur garantiza recreaci\u00f3n a comunidades de Caracas y Miranda en el ST Warairarepano<br \/>\n<\/strong><\/h1>\n<p>[\/et_pb_text][et_pb_image src=\u00bbhttps:\/\/www.venetur.com\/wp-content\/uploads\/2026\/05\/Mintur-garantiza-recreacion-a-comunidades-de-Caracas-y-Miranda-en-el-ST-Warairarepano-1.jpg\u00bb title_text=\u00bbMintur garantiza recreaci\u00f3n a comunidades de Caracas y Miranda en el ST Warairarepano\u00bb _builder_version=\u00bb4.27.6&#8243; _module_preset=\u00bbdefault\u00bb width=\u00bb93%\u00bb module_alignment=\u00bbcenter\u00bb hover_enabled=\u00bb0&#8243; box_shadow_style=\u00bbpreset2&#8243; global_colors_info=\u00bb{}\u00bb sticky_enabled=\u00bb0&#8243;][\/et_pb_image][et_pb_text _builder_version=\u00bb4.27.6&#8243; _module_preset=\u00bb0b36fe94-9250-4e7d-a80a-3c5ba7852df0&#8243; custom_margin=\u00bb0px||-2px||false|false\u00bb custom_padding=\u00bb35px||||false|false\u00bb hover_enabled=\u00bb0&#8243; global_colors_info=\u00bb{}\u00bb sticky_enabled=\u00bb0&#8243;]<\/p>\n<p style=\"text-align: justify;\">**Extracto**:<\/p>\n<p style=\"text-align: justify;\">M\u00e1s de 190 habitantes de diversas comunidades de Caracas y Miranda visitaron el Sistema Telef\u00e9rico Warairarepano a trav\u00e9s del programa Turismo Social.<\/p>\n<p style=\"text-align: justify;\">Caracas, 16.04.2026 (Prensa Mintur)-. M\u00e1s de 190 habitantes de diversas comunidades de Caracas y Miranda visitaron el Sistema Telef\u00e9rico Warairarepano este jueves  16 de abril, a trav\u00e9s del programa Turismo Social. Esta pol\u00edtica del Gobierno Nacional, impulsada por el Ministerio del Poder Popular para el Turismo (Mintur) garantiza el derecho a la recreaci\u00f3n de la poblaci\u00f3n. La ministra Daniella Cabello lidera estas acciones que fortalecen el acceso directo a los espacios naturales y emblem\u00e1ticos del pa\u00eds.<\/p>\n<p style=\"text-align: justify;\">La jornada integr\u00f3 a representantes del INASS; el Comit\u00e9 Mar\u00eda Borjas; el Centro de Desarrollo de la Calidad Educativa y la U.E.E., Cecilio Acosta. Tambi\u00e9n asistieron grupos de la Misi\u00f3n Cultura; Aulas Alternativas; U.E.N. India Carimao; Escuela Antonio J. de Sucre; Movimiento Urdanetista, el Complejo Andr\u00e9s Bello y Unearte. Est\u00e1s actividades incentivan la integraci\u00f3n comunitaria y el sano esparcimiento en los parques nacionales del territorio venezolano.<\/p>\n<p style=\"text-align: justify;\">Mar\u00eda Alejandra Machado, subdirectora de la U.E.E., Cecilio Acosta, calific\u00f3 la actividad como un premio para los estudiantes de la quinta promoci\u00f3n de bachillerato. Por su parte, Daisy Cartagena, promotora cultural del Movimiento Urdanetista, afirm\u00f3 que estos eventos brindan a los docentes una oportunidad de esparcimiento fuera de las aulas. Cartagena destac\u00f3 que la iniciativa facilita adem\u00e1s, el v\u00ednculo entre instituciones para llevar eventos folkl\u00f3ricos a todo el territorio nacional.<\/p>\n<p style=\"text-align: justify;\">Este programa, prev\u00e9 realizar nuevas jornadas hacia otros destinos del pa\u00eds con el objetivo de fortalecer el bienestar colectivo como labor estrat\u00e9gica que garantiza el acceso gratuito de la poblaci\u00f3n, a las bellezas naturales de la poblaci\u00f3n a las bellezas naturales de la naci\u00f3n.[\/et_pb_text][\/et_pb_column][\/et_pb_row][et_pb_row _builder_version=\u00bb4.27.5&#8243; _module_preset=\u00bbdefault\u00bb global_colors_info=\u00bb{}\u00bb][et_pb_column type=\u00bb4_4&#8243; _builder_version=\u00bb4.27.5&#8243; _module_preset=\u00bbdefault\u00bb global_colors_info=\u00bb{}\u00bb][et_pb_gallery gallery_ids=\u00bb14227&#8243; gallery_orderby=\u00bbrand\u00bb posts_number=\u00bb1&#8243; show_title_and_caption=\u00bboff\u00bb show_pagination=\u00bboff\u00bb _builder_version=\u00bb4.27.6&#8243; _module_preset=\u00bbdefault\u00bb hover_enabled=\u00bb0&#8243; global_colors_info=\u00bb{}\u00bb sticky_enabled=\u00bb0&#8243;][\/et_pb_gallery][\/et_pb_column][\/et_pb_row][\/et_pb_section]<\/p>\n","protected":false},"excerpt":{"rendered":"<p>Mintur garantiza recreaci\u00f3n a comunidades de Caracas y Miranda en el ST Warairarepano **Extracto**: M\u00e1s de 190 habitantes de diversas comunidades de Caracas y Miranda visitaron el Sistema Telef\u00e9rico Warairarepano [&hellip;]<\/p>\n","protected":false},"author":1,"featured_media":0,"parent":0,"menu_order":0,"comment_status":"closed","ping_status":"closed","template":"","meta":{"_et_pb_use_builder":"on","_et_pb_old_content":"","_et_gb_content_width":"","inline_featured_image":false,"_joinchat":[],"footnotes":""},"class_list":["post-14222","page","type-page","status-publish","hentry"],"_links":{"self":[{"href":"https:\/\/www.venetur.com\/index.php\/wp-json\/wp\/v2\/pages\/14222","targetHints":{"allow":["GET"]}}],"collection":[{"href":"https:\/\/www.venetur.com\/index.php\/wp-json\/wp\/v2\/pages"}],"about":[{"href":"https:\/\/www.venetur.com\/index.php\/wp-json\/wp\/v2\/types\/page"}],"author":[{"embeddable":true,"href":"https:\/\/www.venetur.com\/index.php\/wp-json\/wp\/v2\/users\/1"}],"replies":[{"embeddable":true,"href":"https:\/\/www.venetur.com\/index.php\/wp-json\/wp\/v2\/comments?post=14222"}],"version-history":[{"count":2,"href":"https:\/\/www.venetur.com\/index.php\/wp-json\/wp\/v2\/pages\/14222\/revisions"}],"predecessor-version":[{"id":14235,"href":"https:\/\/www.venetur.com\/index.php\/wp-json\/wp\/v2\/pages\/14222\/revisions\/14235"}],"wp:attachment":[{"href":"https:\/\/www.venetur.com\/index.php\/wp-json\/wp\/v2\/media?parent=14222"}],"curies":[{"name":"wp","href":"https:\/\/api.w.org\/{rel}","templated":true}]}}