{"id":14188,"date":"2026-05-08T17:11:50","date_gmt":"2026-05-08T21:11:50","guid":{"rendered":"https:\/\/www.venetur.com\/?page_id=14188"},"modified":"2026-05-08T17:13:26","modified_gmt":"2026-05-08T21:13:26","slug":"noticia-14-04-2026","status":"publish","type":"page","link":"https:\/\/www.venetur.com\/index.php\/noticia-14-04-2026\/","title":{"rendered":"Noticia 14\/04\/2026"},"content":{"rendered":"<p>[et_pb_section fb_built=\u00bb1&#8243; admin_label=\u00bbHeader\u00bb _builder_version=\u00bb4.27.5&#8243; _module_preset=\u00bbdefault\u00bb use_background_color_gradient=\u00bbon\u00bb background_color_gradient_stops=\u00bbrgba(34,34,34,0) 0%|gcid-1f9b0bb3-481a-49f1-9fe6-999fc3c3182b 100%\u00bb background_color_gradient_overlays_image=\u00bbon\u00bb background_image=\u00bbhttps:\/\/www.venetur.com\/wp-content\/uploads\/2026\/03\/5055403402384313229.jpg\u00bb custom_padding=\u00bb90px||90px||true|false\u00bb locked=\u00bboff\u00bb collapsed=\u00bbon\u00bb global_colors_info=\u00bb{%22gcid-1f9b0bb3-481a-49f1-9fe6-999fc3c3182b%22:%91%22background_color_gradient_stops%22%93}\u00bb][et_pb_row _builder_version=\u00bb4.20.0&#8243; _module_preset=\u00bbdefault\u00bb global_colors_info=\u00bb{}\u00bb][et_pb_column type=\u00bb4_4&#8243; _builder_version=\u00bb4.20.0&#8243; _module_preset=\u00bbdefault\u00bb global_colors_info=\u00bb{}\u00bb][et_pb_text _builder_version=\u00bb4.20.0&#8243; _module_preset=\u00bba33b5007-2e03-4cc8-91fc-4115ad4c8f26&#8243; header_text_color=\u00bb#FFFFFF\u00bb text_orientation=\u00bbcenter\u00bb custom_margin=\u00bb||10px||false|false\u00bb global_colors_info=\u00bb{}\u00bb][\/et_pb_text][\/et_pb_column][\/et_pb_row][\/et_pb_section][et_pb_section fb_built=\u00bb1&#8243; admin_label=\u00bbServices\u00bb _builder_version=\u00bb4.20.0&#8243; _module_preset=\u00bbdefault\u00bb background_color=\u00bbRGBA(255,255,255,0)\u00bb custom_padding=\u00bb0px||||false|false\u00bb collapsed=\u00bbon\u00bb global_colors_info=\u00bb{}\u00bb][et_pb_row custom_padding_last_edited=\u00bbon|phone\u00bb _builder_version=\u00bb4.27.5&#8243; _module_preset=\u00bbdefault\u00bb background_color=\u00bbgcid-86da69f8-ce43-4c42-8395-4abd58818e72&#8243; width=\u00bb73%\u00bb custom_margin=\u00bb-60px||||false|false\u00bb custom_padding=\u00bb60px|60px|60px|60px|true|true\u00bb custom_padding_tablet=\u00bb30px|30px|30px|30px|true|true\u00bb custom_padding_phone=\u00bb20px|20px|20px|20px|true|true\u00bb border_radii=\u00bbon|16px|16px|16px|16px\u00bb global_colors_info=\u00bb{%22gcid-86da69f8-ce43-4c42-8395-4abd58818e72%22:%91%22background_color%22%93}\u00bb][et_pb_column type=\u00bb4_4&#8243; _builder_version=\u00bb4.20.0&#8243; _module_preset=\u00bbdefault\u00bb global_colors_info=\u00bb{}\u00bb][et_pb_text content_tablet=\u00bb<\/p>\n<h1><strong data-entity-type=%22MessageEntityBold%22>Margarita se mantiene como el destino ideal en Semana Santa<\/strong><\/h1>\n<p>\u00bb content_phone=\u00bb<\/p>\n<h4><strong data-entity-type=%22MessageEntityBold%22>Margarita se mantiene como el destino ideal en Semana Santa<\/strong><\/h4>\n<p>\u00bb content_last_edited=\u00bbon|phone\u00bb _builder_version=\u00bb4.27.6&#8243; _module_preset=\u00bb91340e2b-a870-4e1c-b74d-9b8c47a361ea\u00bb custom_margin=\u00bb-28px||||false|false\u00bb custom_margin_tablet=\u00bb-28px||||false|false\u00bb custom_margin_phone=\u00bb0px||||false|false\u00bb custom_margin_last_edited=\u00bbon|phone\u00bb custom_padding=\u00bb0px||15px||false|false\u00bb global_colors_info=\u00bb{}\u00bb]<\/p>\n<h1><strong data-entity-type=\"MessageEntityBold\">Ciudad Vacacional Los Caracas, un refugio para el descanso y diversi\u00f3n<\/strong><\/h1>\n<p>[\/et_pb_text][et_pb_image src=\u00bbhttps:\/\/www.venetur.com\/wp-content\/uploads\/2026\/05\/La-Ciudad-Vacacional-Los-Caracas-1.jpg\u00bb title_text=\u00bbLa Ciudad Vacacional Los Caracas\u00bb _builder_version=\u00bb4.27.6&#8243; _module_preset=\u00bbdefault\u00bb width=\u00bb93%\u00bb module_alignment=\u00bbcenter\u00bb box_shadow_style=\u00bbpreset2&#8243; global_colors_info=\u00bb{}\u00bb][\/et_pb_image][et_pb_text _builder_version=\u00bb4.27.6&#8243; _module_preset=\u00bb0b36fe94-9250-4e7d-a80a-3c5ba7852df0&#8243; custom_margin=\u00bb0px||-2px||false|false\u00bb custom_padding=\u00bb35px||||false|false\u00bb hover_enabled=\u00bb0&#8243; global_colors_info=\u00bb{}\u00bb sticky_enabled=\u00bb0&#8243;]<\/p>\n<p style=\"text-align: justify;\">**Extracto:<\/p>\n<p style=\"text-align: justify;\">La Ciudad Vacacional Los Caracas, en La Guaira, es un espacio para la aventura y el descanso, dise\u00f1ado bajo un modelo de gesti\u00f3n que prioriza el bienestar social.<\/p>\n<p style=\"text-align: justify;\">Caracas, 14.04.2026 (Prensa Mintur).- Entre monta\u00f1as y el mar Caribe, se encuentra la Ciudad Vacacional Los Caracas, en el estado la Guaira, un espacio para la desconexi\u00f3n, aventura y el descanso. Este complejo, est\u00e1 dise\u00f1ado bajo un modelo de gesti\u00f3n que prioriza el bienestar social, por su exuberante vegetaci\u00f3n tropical y agradable clima.<\/p>\n<p style=\"text-align: justify;\">Recientemente, la ministra del Poder Popular para el Turismo, Daniella Cabello, realiz\u00f3 una inspecci\u00f3n por las instalaciones, a los fines de garantizar la operatividad y calidad de servicio. Cabello destac\u00f3 que este lugar ha sido rehabilitado por el Gobierno Bolivariano. Al mismo tiempo subray\u00f3 que es gestionado por Venetur, en alianza con el sector privado.<\/p>\n<p style=\"text-align: justify;\">\u201cEste complejo, creado en los a\u00f1os 50 como un espacio de descanso sigue siendo uno de esos destinos donde la naturaleza, el mar y la historia se encuentran en un mismo lugar\u201d, destac\u00f3 la titular de Turismo. Durante su visita, extendi\u00f3 la invitaci\u00f3n a conocer este activo que brinda tranquilidad y sano esparcimiento<\/p>\n<p style=\"text-align: justify;\"><strong>Un oasis de confort y naturaleza<\/strong><\/p>\n<p style=\"text-align: justify;\">Situada en la parroquia Naiguat\u00e1 del estado La Guaira, la Ciudad Vacacional Los Caracas, est\u00e1 rodeada de senderos boscosos y hermosas playas, que la convierten en un refugio natural, a pocos kil\u00f3metros de la capital. Igualmente cuenta con una infraestructura moderna y la piscina de agua salada, reconocida como una de las m\u00e1s grandes de Latinoam\u00e9rica.<\/p>\n<p style=\"text-align: justify;\">Un total de 117 habitaciones y cuatro aparta-hoteles, conforman esta estructura, adem\u00e1s de restaurantes, canchas deportivas y otras \u00e1reas recreativas, para la relajaci\u00f3n de sus visitantes. Un equipo multidisciplinario de Venetur, ofrece excelente servicio y hospitalidad, que garantiza una experiencia de alto nivel. El complejo tambi\u00e9n brinda un \u00e1rea de camping con capacidad para 250 carpas y \u201cc\u00e1psulas chinas\u201d, una innovaci\u00f3n en la oferta de alojamiento del lugar.<\/p>\n<p>[\/et_pb_text][\/et_pb_column][\/et_pb_row][et_pb_row _builder_version=\u00bb4.27.5&#8243; _module_preset=\u00bbdefault\u00bb global_colors_info=\u00bb{}\u00bb][et_pb_column type=\u00bb4_4&#8243; _builder_version=\u00bb4.27.5&#8243; _module_preset=\u00bbdefault\u00bb global_colors_info=\u00bb{}\u00bb][et_pb_gallery gallery_ids=\u00bb14194&#8243; gallery_orderby=\u00bbrand\u00bb posts_number=\u00bb1&#8243; show_title_and_caption=\u00bboff\u00bb show_pagination=\u00bboff\u00bb _builder_version=\u00bb4.27.6&#8243; _module_preset=\u00bbdefault\u00bb global_colors_info=\u00bb{}\u00bb][\/et_pb_gallery][\/et_pb_column][\/et_pb_row][\/et_pb_section]<\/p>\n","protected":false},"excerpt":{"rendered":"<p>Ciudad Vacacional Los Caracas, un refugio para el descanso y diversi\u00f3n**Extracto: La Ciudad Vacacional Los Caracas, en La Guaira, es un espacio para la aventura y el descanso, dise\u00f1ado bajo [&hellip;]<\/p>\n","protected":false},"author":1,"featured_media":0,"parent":0,"menu_order":0,"comment_status":"closed","ping_status":"closed","template":"","meta":{"_et_pb_use_builder":"on","_et_pb_old_content":"","_et_gb_content_width":"","inline_featured_image":false,"_joinchat":[],"footnotes":""},"class_list":["post-14188","page","type-page","status-publish","hentry"],"_links":{"self":[{"href":"https:\/\/www.venetur.com\/index.php\/wp-json\/wp\/v2\/pages\/14188","targetHints":{"allow":["GET"]}}],"collection":[{"href":"https:\/\/www.venetur.com\/index.php\/wp-json\/wp\/v2\/pages"}],"about":[{"href":"https:\/\/www.venetur.com\/index.php\/wp-json\/wp\/v2\/types\/page"}],"author":[{"embeddable":true,"href":"https:\/\/www.venetur.com\/index.php\/wp-json\/wp\/v2\/users\/1"}],"replies":[{"embeddable":true,"href":"https:\/\/www.venetur.com\/index.php\/wp-json\/wp\/v2\/comments?post=14188"}],"version-history":[{"count":3,"href":"https:\/\/www.venetur.com\/index.php\/wp-json\/wp\/v2\/pages\/14188\/revisions"}],"predecessor-version":[{"id":14208,"href":"https:\/\/www.venetur.com\/index.php\/wp-json\/wp\/v2\/pages\/14188\/revisions\/14208"}],"wp:attachment":[{"href":"https:\/\/www.venetur.com\/index.php\/wp-json\/wp\/v2\/media?parent=14188"}],"curies":[{"name":"wp","href":"https:\/\/api.w.org\/{rel}","templated":true}]}}