{"id":13927,"date":"2026-03-30T16:11:49","date_gmt":"2026-03-30T20:11:49","guid":{"rendered":"https:\/\/www.venetur.com\/?page_id=13927"},"modified":"2026-03-30T16:11:51","modified_gmt":"2026-03-30T20:11:51","slug":"noticia-itb-berlin","status":"publish","type":"page","link":"https:\/\/www.venetur.com\/index.php\/noticia-itb-berlin\/","title":{"rendered":"Noticia itb berlin"},"content":{"rendered":"<p>[et_pb_section fb_built=\u00bb1&#8243; admin_label=\u00bbHeader\u00bb _builder_version=\u00bb4.27.5&#8243; _module_preset=\u00bbdefault\u00bb use_background_color_gradient=\u00bbon\u00bb background_color_gradient_stops=\u00bbrgba(34,34,34,0) 0%|gcid-1f9b0bb3-481a-49f1-9fe6-999fc3c3182b 100%\u00bb background_color_gradient_overlays_image=\u00bbon\u00bb background_image=\u00bbhttps:\/\/www.venetur.com\/wp-content\/uploads\/2026\/03\/5055403402384313229.jpg\u00bb custom_padding=\u00bb90px||90px||true|false\u00bb locked=\u00bboff\u00bb collapsed=\u00bbon\u00bb global_colors_info=\u00bb{%22gcid-1f9b0bb3-481a-49f1-9fe6-999fc3c3182b%22:%91%22background_color_gradient_stops%22%93}\u00bb][et_pb_row _builder_version=\u00bb4.20.0&#8243; _module_preset=\u00bbdefault\u00bb global_colors_info=\u00bb{}\u00bb][et_pb_column type=\u00bb4_4&#8243; _builder_version=\u00bb4.20.0&#8243; _module_preset=\u00bbdefault\u00bb global_colors_info=\u00bb{}\u00bb][et_pb_text _builder_version=\u00bb4.20.0&#8243; _module_preset=\u00bba33b5007-2e03-4cc8-91fc-4115ad4c8f26&#8243; header_text_color=\u00bb#FFFFFF\u00bb text_orientation=\u00bbcenter\u00bb custom_margin=\u00bb||10px||false|false\u00bb global_colors_info=\u00bb{}\u00bb][\/et_pb_text][\/et_pb_column][\/et_pb_row][\/et_pb_section][et_pb_section fb_built=\u00bb1&#8243; admin_label=\u00bbServices\u00bb _builder_version=\u00bb4.27.5&#8243; _module_preset=\u00bbdefault\u00bb background_color=\u00bbRGBA(255,255,255,0)\u00bb min_height=\u00bb1301.2px\u00bb custom_margin=\u00bb||-63px|||\u00bb custom_padding=\u00bb0px||||false|false\u00bb collapsed=\u00bbon\u00bb global_colors_info=\u00bb{}\u00bb][et_pb_row custom_padding_last_edited=\u00bbon|phone\u00bb _builder_version=\u00bb4.27.5&#8243; _module_preset=\u00bbdefault\u00bb background_color=\u00bbgcid-86da69f8-ce43-4c42-8395-4abd58818e72&#8243; width=\u00bb73%\u00bb custom_margin=\u00bb-60px||||false|false\u00bb custom_padding=\u00bb60px|60px|60px|60px|true|true\u00bb custom_padding_tablet=\u00bb30px|30px|30px|30px|true|true\u00bb custom_padding_phone=\u00bb20px|20px|20px|20px|true|true\u00bb border_radii=\u00bbon|16px|16px|16px|16px\u00bb global_colors_info=\u00bb{%22gcid-86da69f8-ce43-4c42-8395-4abd58818e72%22:%91%22background_color%22%93}\u00bb][et_pb_column type=\u00bb4_4&#8243; _builder_version=\u00bb4.20.0&#8243; _module_preset=\u00bbdefault\u00bb global_colors_info=\u00bb{}\u00bb][et_pb_text _builder_version=\u00bb4.27.5&#8243; _module_preset=\u00bb91340e2b-a870-4e1c-b74d-9b8c47a361ea\u00bb custom_margin=\u00bb-30px||6px||false|false\u00bb custom_padding=\u00bb15px||17px||false|false\u00bb global_colors_info=\u00bb{}\u00bb]<\/p>\n<h4><strong data-entity-type=\"MessageEntityBold\">Delegaci\u00f3n venezolana posiciona su producto tur\u00edstico en ITB Berl\u00edn 2026<\/strong><\/h4>\n<p>[\/et_pb_text][et_pb_image src=\u00bbhttps:\/\/www.venetur.com\/wp-content\/uploads\/2026\/03\/venezolana-posiciona-su-producto-turistico-1.jpg\u00bb title_text=\u00bbvenezolana posiciona su producto tur\u00edstico\u00bb _builder_version=\u00bb4.27.5&#8243; _module_preset=\u00bbdefault\u00bb width=\u00bb93%\u00bb module_alignment=\u00bbcenter\u00bb hover_enabled=\u00bb0&#8243; box_shadow_style=\u00bbpreset2&#8243; global_colors_info=\u00bb{}\u00bb sticky_enabled=\u00bb0&#8243;][\/et_pb_image][et_pb_text _builder_version=\u00bb4.27.5&#8243; _module_preset=\u00bb0b36fe94-9250-4e7d-a80a-3c5ba7852df0&#8243; custom_margin=\u00bb0px||-2px||false|false\u00bb custom_padding=\u00bb35px||||false|false\u00bb global_colors_info=\u00bb{}\u00bb]<\/p>\n<p style=\"text-align: justify;\"><span>Caracas, 04.03.2026 (Prensa Mintur).- Bajo el lema \u201cDescubra las historias detr\u00e1s de 60 a\u00f1os de legado\u201d, la Bolsa Internacional de Turismo (ITB) inici\u00f3 este martes 3, hasta el pr\u00f3ximo 5 de marzo, su sexag\u00e9sima edici\u00f3n. Este evento, considerado el mayor encuentro del sector a escala global, se desarrolla en el Messe Berlin, Alemania. Un total de 25 pabellones exhiben el producto de seis mil expositores de m\u00e1s de 160 pa\u00edses.<\/span><\/p>\n<p><span>La delegaci\u00f3n venezolana participar\u00e1 en la Cumbre Extraordinaria de Ministros de ONU Turismo. En esta ocasi\u00f3n la comitiva abordar\u00e1 el alcance de las pol\u00edticas del Gobierno Bolivariano y las acciones de atenci\u00f3n al visitante internacional. Asimismo, presentar\u00e1n el plan de promoci\u00f3n que posiciona, en el mercado global, a la isla de Margarita, Canaima y Los Roques. Lo \u201cHecho en Venezuela\u201d, tambi\u00e9n se da cita en este evento para cautivar a los presentes con caf\u00e9, ron y cacao. <\/span><\/p>\n<p><strong data-entity-type=\"MessageEntityBold\">Angola: pa\u00eds invitado de honor<\/strong><\/p>\n<p><span>Como invitado de honor, a esta vitrina tur\u00edstica, la rep\u00fablica de Angola muestra su riqueza cultural y natural, como una propuesta que diversifica la econom\u00eda y dependencia del sector petrolero. El pa\u00eds es referente del desarrollo sostenible. \u00abEl Ritmo de la Vida\u00bb, es la marca promocional de Angola, una estrategia que se centra en integrar la responsabilidad ecol\u00f3gica e inclusi\u00f3n social y promover modelos de turismo que garanticen beneficios econ\u00f3micos hacia las aldeas y ciudades locales.<\/span><\/p>\n<p><span>La participaci\u00f3n de Venezuela en la ITB Berl\u00edn reafirma el compromiso del Gobierno Nacional con el desarrollo econ\u00f3mico sostenible. La consolidaci\u00f3n de acuerdos y el intercambio de experiencias en este foro global beneficia a las comunidades locales, expandiendo las oportunidades tanto para viajeros como para inversionistas de todo el mundo.<\/span><\/p>\n<p><span>Periodista: Cristal Alzolay<\/span><\/p>\n<p>[\/et_pb_text][\/et_pb_column][\/et_pb_row][et_pb_row _builder_version=\u00bb4.27.5&#8243; _module_preset=\u00bbdefault\u00bb global_colors_info=\u00bb{}\u00bb][et_pb_column type=\u00bb4_4&#8243; _builder_version=\u00bb4.27.5&#8243; _module_preset=\u00bbdefault\u00bb global_colors_info=\u00bb{}\u00bb][et_pb_image src=\u00bbhttps:\/\/www.venetur.com\/wp-content\/uploads\/2026\/03\/5055480114795187075.jpg\u00bb title_text=\u00bb5055480114795187075&#8243; align=\u00bbcenter\u00bb _builder_version=\u00bb4.27.5&#8243; _module_preset=\u00bbdefault\u00bb width=\u00bb81%\u00bb max_width=\u00bb83%\u00bb custom_margin=\u00bb-1px||||false|false\u00bb custom_padding=\u00bb26px|13px||16px|false|false\u00bb hover_enabled=\u00bb0&#8243; global_colors_info=\u00bb{}\u00bb sticky_enabled=\u00bb0&#8243;][\/et_pb_image][\/et_pb_column][\/et_pb_row][\/et_pb_section]<\/p>\n","protected":false},"excerpt":{"rendered":"<p>Delegaci\u00f3n venezolana posiciona su producto tur\u00edstico en ITB Berl\u00edn 2026Caracas, 04.03.2026 (Prensa Mintur).- Bajo el lema \u201cDescubra las historias detr\u00e1s de 60 a\u00f1os de legado\u201d, la Bolsa Internacional de Turismo [&hellip;]<\/p>\n","protected":false},"author":1,"featured_media":0,"parent":0,"menu_order":0,"comment_status":"closed","ping_status":"closed","template":"","meta":{"_et_pb_use_builder":"on","_et_pb_old_content":"","_et_gb_content_width":"","inline_featured_image":false,"_price":"","_stock":"","_tribe_ticket_header":"","_tribe_default_ticket_provider":"","_tribe_ticket_capacity":"0","_ticket_start_date":"","_ticket_end_date":"","_tribe_ticket_show_description":"","_tribe_ticket_show_not_going":false,"_tribe_ticket_use_global_stock":"","_tribe_ticket_global_stock_level":"","_global_stock_mode":"","_global_stock_cap":"","_tribe_rsvp_for_event":"","_tribe_ticket_going_count":"","_tribe_ticket_not_going_count":"","_tribe_tickets_list":"[]","_tribe_ticket_has_attendee_info_fields":false,"_joinchat":[],"footnotes":"","_tec_slr_enabled":"","_tec_slr_layout":""},"class_list":["post-13927","page","type-page","status-publish","hentry"],"ticketed":false,"_links":{"self":[{"href":"https:\/\/www.venetur.com\/index.php\/wp-json\/wp\/v2\/pages\/13927","targetHints":{"allow":["GET"]}}],"collection":[{"href":"https:\/\/www.venetur.com\/index.php\/wp-json\/wp\/v2\/pages"}],"about":[{"href":"https:\/\/www.venetur.com\/index.php\/wp-json\/wp\/v2\/types\/page"}],"author":[{"embeddable":true,"href":"https:\/\/www.venetur.com\/index.php\/wp-json\/wp\/v2\/users\/1"}],"replies":[{"embeddable":true,"href":"https:\/\/www.venetur.com\/index.php\/wp-json\/wp\/v2\/comments?post=13927"}],"version-history":[{"count":2,"href":"https:\/\/www.venetur.com\/index.php\/wp-json\/wp\/v2\/pages\/13927\/revisions"}],"predecessor-version":[{"id":13935,"href":"https:\/\/www.venetur.com\/index.php\/wp-json\/wp\/v2\/pages\/13927\/revisions\/13935"}],"wp:attachment":[{"href":"https:\/\/www.venetur.com\/index.php\/wp-json\/wp\/v2\/media?parent=13927"}],"curies":[{"name":"wp","href":"https:\/\/api.w.org\/{rel}","templated":true}]}}