{"id":13841,"date":"2026-03-30T14:54:56","date_gmt":"2026-03-30T18:54:56","guid":{"rendered":"https:\/\/www.venetur.com\/?page_id=13841"},"modified":"2026-03-31T13:56:48","modified_gmt":"2026-03-31T17:56:48","slug":"noticia-24-03-26-2","status":"publish","type":"page","link":"https:\/\/www.venetur.com\/index.php\/noticia-24-03-26-2\/","title":{"rendered":"Noticia 24\/03\/26"},"content":{"rendered":"<p>[et_pb_section fb_built=\u00bb1&#8243; admin_label=\u00bbHeader\u00bb _builder_version=\u00bb4.27.5&#8243; _module_preset=\u00bbdefault\u00bb use_background_color_gradient=\u00bbon\u00bb background_color_gradient_stops=\u00bbrgba(34,34,34,0) 0%|gcid-1f9b0bb3-481a-49f1-9fe6-999fc3c3182b 100%\u00bb background_color_gradient_overlays_image=\u00bbon\u00bb background_image=\u00bbhttps:\/\/www.venetur.com\/wp-content\/uploads\/2026\/03\/5055403402384313229.jpg\u00bb custom_padding=\u00bb90px||90px||true|false\u00bb locked=\u00bboff\u00bb collapsed=\u00bbon\u00bb global_colors_info=\u00bb{%22gcid-1f9b0bb3-481a-49f1-9fe6-999fc3c3182b%22:%91%22background_color_gradient_stops%22%93}\u00bb][et_pb_row _builder_version=\u00bb4.20.0&#8243; _module_preset=\u00bbdefault\u00bb global_colors_info=\u00bb{}\u00bb][et_pb_column type=\u00bb4_4&#8243; _builder_version=\u00bb4.20.0&#8243; _module_preset=\u00bbdefault\u00bb global_colors_info=\u00bb{}\u00bb][et_pb_text _builder_version=\u00bb4.20.0&#8243; _module_preset=\u00bba33b5007-2e03-4cc8-91fc-4115ad4c8f26&#8243; header_text_color=\u00bb#FFFFFF\u00bb text_orientation=\u00bbcenter\u00bb custom_margin=\u00bb||10px||false|false\u00bb global_colors_info=\u00bb{}\u00bb][\/et_pb_text][\/et_pb_column][\/et_pb_row][\/et_pb_section][et_pb_section fb_built=\u00bb1&#8243; admin_label=\u00bbServices\u00bb _builder_version=\u00bb4.20.0&#8243; _module_preset=\u00bbdefault\u00bb background_color=\u00bbRGBA(255,255,255,0)\u00bb min_height=\u00bb1540.2px\u00bb custom_margin=\u00bb||-63px|||\u00bb custom_padding=\u00bb0px||||false|false\u00bb collapsed=\u00bbon\u00bb global_colors_info=\u00bb{}\u00bb][et_pb_row custom_padding_last_edited=\u00bbon|phone\u00bb _builder_version=\u00bb4.27.5&#8243; _module_preset=\u00bbdefault\u00bb background_color=\u00bbgcid-86da69f8-ce43-4c42-8395-4abd58818e72&#8243; width=\u00bb73%\u00bb custom_margin=\u00bb-60px||||false|false\u00bb custom_padding=\u00bb60px|60px|60px|60px|true|true\u00bb custom_padding_tablet=\u00bb30px|30px|30px|30px|true|true\u00bb custom_padding_phone=\u00bb20px|20px|20px|20px|true|true\u00bb border_radii=\u00bbon|16px|16px|16px|16px\u00bb global_colors_info=\u00bb{%22gcid-86da69f8-ce43-4c42-8395-4abd58818e72%22:%91%22background_color%22%93}\u00bb][et_pb_column type=\u00bb4_4&#8243; _builder_version=\u00bb4.20.0&#8243; _module_preset=\u00bbdefault\u00bb global_colors_info=\u00bb{}\u00bb][et_pb_text _builder_version=\u00bb4.27.5&#8243; _module_preset=\u00bb91340e2b-a870-4e1c-b74d-9b8c47a361ea\u00bb custom_margin=\u00bb-28px||||false|false\u00bb custom_padding=\u00bb16px||15px||false|false\u00bb global_colors_info=\u00bb{}\u00bb]<\/p>\n<h4><strong data-entity-type=\"MessageEntityBold\">Certifican a m\u00e1s de 490 PST y brigadistas en Morrocoy<\/strong><\/h4>\n<p>[\/et_pb_text][et_pb_image src=\u00bbhttps:\/\/www.venetur.com\/wp-content\/uploads\/2026\/03\/5064381872602811367.jpg\u00bb title_text=\u00bb5064381872602811367&#8243; _builder_version=\u00bb4.27.5&#8243; _module_preset=\u00bbdefault\u00bb width=\u00bb93%\u00bb module_alignment=\u00bbcenter\u00bb custom_margin=\u00bb-16px||||false|false\u00bb box_shadow_style=\u00bbpreset2&#8243; global_colors_info=\u00bb{}\u00bb][\/et_pb_image][et_pb_text _builder_version=\u00bb4.27.5&#8243; _module_preset=\u00bb0b36fe94-9250-4e7d-a80a-3c5ba7852df0&#8243; custom_margin=\u00bb0px||-2px||false|false\u00bb custom_padding=\u00bb35px||||false|false\u00bb global_colors_info=\u00bb{}\u00bb]<\/p>\n<p style=\"text-align: justify;\"><span>Caracas, 24.03.2026 (Prensa Mintur).\u2013 Como parte de las acciones para optimizar la atenci\u00f3n en los principales atractivos naturales de Falc\u00f3n, la ministra del Poder Popular para el Turismo, Daniella Cabello, certific\u00f3 este martes a 492 Prestadores de Servicio Tur\u00edstico (PST) y brigadistas de Morrocoy. A trav\u00e9s de un plan formativo, se abordaron temas relacionados a la calidad del servicio, sensibilizaci\u00f3n ambiental y desarrollo socioproductivo local.<\/span><\/p>\n<p><span>La titular del Turismo Nacional resalt\u00f3 que este ciclo responde al llamado realizado por la presidenta ( E) Delcy Rodr\u00edguez, para mantener un abordaje estrat\u00e9gico entre la Universidad Nacional del Turismo y el Instituto Nacional de Parques (Inparques). El objetivo es brindar herramientas a los PST y a las comunidades organizadas para preservar, de manera corresponsable, las bondades naturales del Parque Nacional Morrocoy. \u201cDebemos fomentar un turismo sostenible para el disfrute de propios y visitantes\u201d, afirm\u00f3 Cabello.<\/span><\/p>\n<p><span>La jornada incluy\u00f3 la entrega de certificados y dotaci\u00f3n de indumentaria oficial. Asimismo, se efectu\u00f3 un censo t\u00e9cnico orientado a optimizar la experiencia del usuario. Estas acciones consolidan la imagen de Venezuela como un destino de alta calidad con un firme compromiso ambiental.<\/span><\/p>\n<p><span>El programa, articulado entre los Ministerios del Poder Popular para el Turismo, Ecosocialismo, e Inparques, tambi\u00e9n integra labores de saneamiento en las \u00e1reas protegidas, previo al asueto de Semana Santa. Este despliegue garantiza el resguardo de los ecosistemas ante el incremento del flujo de temporadistas, en la regi\u00f3n falconiana, permitiendo que el aprovechamiento de los recursos naturales cumpla con las directrices del Plan de la Patria.<\/span><\/p>\n<p>[\/et_pb_text][\/et_pb_column][\/et_pb_row][et_pb_row _builder_version=\u00bb4.27.5&#8243; _module_preset=\u00bbdefault\u00bb][et_pb_column _builder_version=\u00bb4.27.5&#8243; _module_preset=\u00bbdefault\u00bb type=\u00bb4_4&#8243;][et_pb_gallery _builder_version=\u00bb4.27.5&#8243; _module_preset=\u00bbdefault\u00bb gallery_ids=\u00bb13851&#8243; show_pagination=\u00bboff\u00bb show_title_and_caption=\u00bboff\u00bb hover_enabled=\u00bb0&#8243; sticky_enabled=\u00bb0&#8243;][\/et_pb_gallery][\/et_pb_column][\/et_pb_row][\/et_pb_section]<\/p>\n","protected":false},"excerpt":{"rendered":"<p>Certifican a m\u00e1s de 490 PST y brigadistas en MorrocoyCaracas, 24.03.2026 (Prensa Mintur).\u2013 Como parte de las acciones para optimizar la atenci\u00f3n en los principales atractivos naturales de Falc\u00f3n, la [&hellip;]<\/p>\n","protected":false},"author":1,"featured_media":0,"parent":0,"menu_order":0,"comment_status":"closed","ping_status":"closed","template":"","meta":{"_et_pb_use_builder":"on","_et_pb_old_content":"","_et_gb_content_width":"","inline_featured_image":false,"_price":"","_stock":"","_tribe_ticket_header":"","_tribe_default_ticket_provider":"","_tribe_ticket_capacity":"0","_ticket_start_date":"","_ticket_end_date":"","_tribe_ticket_show_description":"","_tribe_ticket_show_not_going":false,"_tribe_ticket_use_global_stock":"","_tribe_ticket_global_stock_level":"","_global_stock_mode":"","_global_stock_cap":"","_tribe_rsvp_for_event":"","_tribe_ticket_going_count":"","_tribe_ticket_not_going_count":"","_tribe_tickets_list":"[]","_tribe_ticket_has_attendee_info_fields":false,"_joinchat":[],"footnotes":"","_tec_slr_enabled":"","_tec_slr_layout":""},"class_list":["post-13841","page","type-page","status-publish","hentry"],"ticketed":false,"_links":{"self":[{"href":"https:\/\/www.venetur.com\/index.php\/wp-json\/wp\/v2\/pages\/13841","targetHints":{"allow":["GET"]}}],"collection":[{"href":"https:\/\/www.venetur.com\/index.php\/wp-json\/wp\/v2\/pages"}],"about":[{"href":"https:\/\/www.venetur.com\/index.php\/wp-json\/wp\/v2\/types\/page"}],"author":[{"embeddable":true,"href":"https:\/\/www.venetur.com\/index.php\/wp-json\/wp\/v2\/users\/1"}],"replies":[{"embeddable":true,"href":"https:\/\/www.venetur.com\/index.php\/wp-json\/wp\/v2\/comments?post=13841"}],"version-history":[{"count":7,"href":"https:\/\/www.venetur.com\/index.php\/wp-json\/wp\/v2\/pages\/13841\/revisions"}],"predecessor-version":[{"id":14093,"href":"https:\/\/www.venetur.com\/index.php\/wp-json\/wp\/v2\/pages\/13841\/revisions\/14093"}],"wp:attachment":[{"href":"https:\/\/www.venetur.com\/index.php\/wp-json\/wp\/v2\/media?parent=13841"}],"curies":[{"name":"wp","href":"https:\/\/api.w.org\/{rel}","templated":true}]}}