{"id":10653,"date":"2024-12-06T17:38:31","date_gmt":"2024-12-06T21:38:31","guid":{"rendered":"https:\/\/www.venetur.com\/?page_id=10653"},"modified":"2026-02-25T16:10:38","modified_gmt":"2026-02-25T20:10:38","slug":"venetur-2","status":"publish","type":"page","link":"https:\/\/www.venetur.com\/index.php\/venetur-2\/","title":{"rendered":"Nosotros"},"content":{"rendered":"<p>[et_pb_section fb_built=\u00bb1&#8243; admin_label=\u00bbHero section\u00bb _builder_version=\u00bb4.27.3&#8243; use_background_color_gradient=\u00bbon\u00bb background_color_gradient_stops=\u00bbrgba(150,105,97,0.67) 0%|rgba(2,0,76,0.84) 100%\u00bb background_color_gradient_overlays_image=\u00bbon\u00bb background_color_gradient_start=\u00bbrgba(150,105,97,0.67)\u00bb background_color_gradient_end=\u00bbrgba(2,0,76,0.84)\u00bb background_image=\u00bbhttps:\/\/www.venetur.com\/wp-content\/uploads\/2024\/11\/MOCHIMA-5-scaled.jpg\u00bb background_position=\u00bbtop_center\u00bb custom_margin=\u00bb|||\u00bb custom_padding=\u00bb10%||10%|\u00bb global_colors_info=\u00bb{}\u00bb][et_pb_row column_structure=\u00bb2_3,1_3&#8243; _builder_version=\u00bb4.16&#8243; custom_margin=\u00bb|||\u00bb global_colors_info=\u00bb{}\u00bb][et_pb_column type=\u00bb2_3&#8243; _builder_version=\u00bb4.16&#8243; custom_padding=\u00bb1px|||\u00bb global_colors_info=\u00bb{}\u00bb custom_padding__hover=\u00bb|||\u00bb][et_pb_text _builder_version=\u00bb4.27.3&#8243; text_font=\u00bbLato||||||||\u00bb text_font_size=\u00bb20px\u00bb text_line_height=\u00bb1.8em\u00bb header_font=\u00bbLato|900|||||||\u00bb header_font_size=\u00bb80px\u00bb header_letter_spacing=\u00bb2px\u00bb header_line_height=\u00bb1.2em\u00bb background_layout=\u00bbdark\u00bb animation_style=\u00bbfold\u00bb header_font_size_tablet=\u00bb46px\u00bb header_font_size_phone=\u00bb\u00bb header_font_size_last_edited=\u00bbon|tablet\u00bb global_colors_info=\u00bb{}\u00bb]<\/p>\n<h1>Nosotros<\/h1>\n<p style=\"text-align: justify;\">La principal tour operadora del Estado Venezolano que, a trav\u00e9s de un novedoso y variado c\u00e1talogo de productos, ofrece al visitante nacional y extranjero alternativas tur\u00edsticas acordes a sus demandas, potenciando con criterios de calidad, rentabilidad y eficacia el desarrollo del turismo emisivo, receptivo y multidestino.<\/p>\n<p>[\/et_pb_text][\/et_pb_column][et_pb_column type=\u00bb1_3&#8243; _builder_version=\u00bb4.16&#8243; custom_padding=\u00bb|||\u00bb global_colors_info=\u00bb{}\u00bb custom_padding__hover=\u00bb|||\u00bb][\/et_pb_column][\/et_pb_row][\/et_pb_section][et_pb_section fb_built=\u00bb1&#8243; _builder_version=\u00bb4.16&#8243; background_color=\u00bbrgba(0,0,0,0.03)\u00bb background_position=\u00bbtop_center\u00bb custom_margin=\u00bb|||\u00bb custom_padding=\u00bb100px||0px|||\u00bb global_colors_info=\u00bb{}\u00bb][et_pb_row _builder_version=\u00bb4.16&#8243; custom_margin=\u00bb|||\u00bb locked=\u00bboff\u00bb global_colors_info=\u00bb{}\u00bb][et_pb_column type=\u00bb4_4&#8243; _builder_version=\u00bb4.16&#8243; custom_padding=\u00bb|||\u00bb global_colors_info=\u00bb{}\u00bb custom_padding__hover=\u00bb|||\u00bb][et_pb_text _builder_version=\u00bb4.27.5&#8243; text_font=\u00bbLato||||||||\u00bb text_text_color=\u00bb#898f99&#8243; text_font_size=\u00bb18px\u00bb text_line_height=\u00bb2em\u00bb header_font=\u00bb||||||||\u00bb header_2_font=\u00bbLato|700|||||||\u00bb header_2_font_size=\u00bb42px\u00bb header_2_line_height=\u00bb1.5em\u00bb text_orientation=\u00bbcenter\u00bb max_width=\u00bb800px\u00bb module_alignment=\u00bbcenter\u00bb hover_enabled=\u00bb0&#8243; locked=\u00bboff\u00bb global_colors_info=\u00bb{}\u00bb sticky_enabled=\u00bb0&#8243;]<\/p>\n<h2>Misi\u00f3n<\/h2>\n<p style=\"text-align: justify; text-indent: 35.4pt; line-height: 150%; vertical-align: baseline; margin: 0cm -33.0pt 18.0pt -1.0cm;\"><span lang=\"ES-VE\" style=\"font-family: 'Arial',sans-serif;\">Ser la operadora y comercializadora tur\u00edstica del Estado con mayor proyecci\u00f3n de servicio a nivel nacional e internacional, responsable de promover el crecimiento del sector como \u00e1rea prioritaria y estrat\u00e9gica, a trav\u00e9s de una s\u00f3lida red hotelera dotada de una infraestructura de calidad adaptada a los est\u00e1ndares internacionales, que apoya su raz\u00f3n de ser en el mercadeo de productos y lugares tur\u00edsticos nacionales, lo que ubica a Venezuela como destino de excepci\u00f3n; en atenci\u00f3n, a su variado ecosistema, lugares paradis\u00edacos, bellezas naturales representados en sus monta\u00f1as, playas, r\u00edos, sitios hist\u00f3ricos, monumentos, selvas, medanales, clima privilegiado y en especial la calidez y gentilicio del venezolano.<o:p><\/o:p><\/span><\/p>\n<p>Nuestra Premisa:<span>\u00a0brindar una experiencia inolvidable que satisfaga las demandas tur\u00edsticas, recreativas y de viaje de nuestros clientes.<\/span><\/p>\n<p>[\/et_pb_text][\/et_pb_column][\/et_pb_row][\/et_pb_section][et_pb_section fb_built=\u00bb1&#8243; _builder_version=\u00bb4.16&#8243; background_color=\u00bbrgba(0,0,0,0.03)\u00bb background_position=\u00bbtop_center\u00bb custom_margin=\u00bb|||\u00bb custom_padding=\u00bb0px||100px|||\u00bb global_colors_info=\u00bb{}\u00bb][et_pb_row _builder_version=\u00bb4.16&#8243; custom_margin=\u00bb|||\u00bb locked=\u00bboff\u00bb global_colors_info=\u00bb{}\u00bb][et_pb_column type=\u00bb4_4&#8243; _builder_version=\u00bb4.16&#8243; custom_padding=\u00bb|||\u00bb global_colors_info=\u00bb{}\u00bb custom_padding__hover=\u00bb|||\u00bb][et_pb_text _builder_version=\u00bb4.27.5&#8243; text_font=\u00bbLato||||||||\u00bb text_text_color=\u00bb#898f99&#8243; text_font_size=\u00bb18px\u00bb text_line_height=\u00bb2em\u00bb header_font=\u00bb||||||||\u00bb header_2_font=\u00bbLato|700|||||||\u00bb header_2_font_size=\u00bb42px\u00bb header_2_line_height=\u00bb1.5em\u00bb text_orientation=\u00bbcenter\u00bb max_width=\u00bb800px\u00bb module_alignment=\u00bbcenter\u00bb locked=\u00bboff\u00bb global_colors_info=\u00bb{}\u00bb]<\/p>\n<h2>Visi\u00f3n<\/h2>\n<p style=\"text-align: justify;\">Posicionarse como la principal Operadora Tur\u00edstica venezolana reconocida a nivel nacional e internacional, capaz de promover las potencialidades nacionales del sector como fuente generadora de divisas para el pa\u00eds y parte fundamental del desarrollo econ\u00f3mico, apoyado en estrategias que insten a la inversi\u00f3n nacional y extranjera, mediante la promoci\u00f3n y comercializaci\u00f3n de productos, as\u00ed como la prestaci\u00f3n de servicios en sus marinas y su importante red hotelera; quienes dise\u00f1an ofertas que garantizan\u00a0 el disfrute, esparcimiento y recreaci\u00f3n de calidad a sus hu\u00e9spedes, que a su vez ser\u00e1n voceros de Venezuela como destino, no solo por sus bellezas naturales y lugares paradisiacos, sino tambi\u00e9n por la calidez de su gente.<\/p>\n<p>[\/et_pb_text][\/et_pb_column][\/et_pb_row][\/et_pb_section][et_pb_section fb_built=\u00bb1&#8243; _builder_version=\u00bb4.27.3&#8243; custom_margin=\u00bb||||false|false\u00bb custom_padding=\u00bb0px|0px|100px|0px|false|false\u00bb global_colors_info=\u00bb{}\u00bb][et_pb_row column_structure=\u00bb1_3,1_3,1_3&#8243; _builder_version=\u00bb4.27.3&#8243; custom_margin=\u00bb|||\u00bb custom_padding=\u00bb0px||||false|false\u00bb custom_width_px=\u00bb1440px\u00bb global_colors_info=\u00bb{}\u00bb][et_pb_column type=\u00bb1_3&#8243; _builder_version=\u00bb4.16&#8243; custom_padding=\u00bb|||\u00bb global_colors_info=\u00bb{}\u00bb custom_padding__hover=\u00bb|||\u00bb][et_pb_blurb _builder_version=\u00bb4.27.3&#8243; header_font=\u00bbLato|900||on|||||\u00bb header_font_size=\u00bb15px\u00bb header_letter_spacing=\u00bb1px\u00bb header_line_height=\u00bb1.4em\u00bb body_font=\u00bbLato||||||||\u00bb body_text_color=\u00bb#898f99&#8243; body_font_size=\u00bb16px\u00bb body_line_height=\u00bb1.6em\u00bb background_video_mp4=\u00bbhttps:\/\/www.venetur.com\/wp-content\/uploads\/2024\/11\/paracaidas.mp4&#8243; background_video_width=\u00bb100&#8243; text_orientation=\u00bbcenter\u00bb height=\u00bb1000px\u00bb custom_margin=\u00bb|-12px||-230px|false|false\u00bb custom_padding=\u00bb||||false|false\u00bb animation_style=\u00bbslide\u00bb animation_direction=\u00bbbottom\u00bb animation_intensity_slide=\u00bb4%\u00bb animation=\u00bboff\u00bb border_radii_image=\u00bbon|40px|40px|40px|40px\u00bb use_circle=\u00bbon\u00bb circle_color=\u00bb#3c39e6&#8243; global_colors_info=\u00bb{}\u00bb][\/et_pb_blurb][et_pb_blurb title=\u00bbServicios\u00bb _builder_version=\u00bb4.27.3&#8243; header_font=\u00bbLato|900||on|||||\u00bb header_font_size=\u00bb15px\u00bb header_letter_spacing=\u00bb1px\u00bb header_line_height=\u00bb1.4em\u00bb body_font=\u00bbLato||||||||\u00bb body_text_color=\u00bb#898f99&#8243; body_font_size=\u00bb16px\u00bb body_line_height=\u00bb1.6em\u00bb text_orientation=\u00bbcenter\u00bb custom_margin=\u00bb|||-150px|false|false\u00bb custom_padding=\u00bb|||\u00bb animation_style=\u00bbslide\u00bb animation_direction=\u00bbbottom\u00bb animation_intensity_slide=\u00bb4%\u00bb animation=\u00bboff\u00bb border_radii=\u00bbon|15px|15px|15px|15px\u00bb border_radii_image=\u00bbon|40px|40px|40px|40px\u00bb use_circle=\u00bbon\u00bb circle_color=\u00bb#3c39e6&#8243; global_colors_info=\u00bb{}\u00bb]<\/p>\n<ul>\n<li style=\"text-align: left;\">Red de hoteles de su propia marca y de aliados operadores<\/li>\n<li style=\"text-align: left;\">Boleteria Nacional e Internacional<\/li>\n<li style=\"text-align: left;\">Transporte<\/li>\n<li style=\"text-align: left;\">Tour y visitas guiadas<\/li>\n<li style=\"text-align: left;\">Vuelos ch\u00e1rter<\/li>\n<li style=\"text-align: left;\">Eventos<\/li>\n<li style=\"text-align: left;\">Marinas<\/li>\n<li style=\"text-align: left;\">Paquetes Nacionales e Internacionales<\/li>\n<li style=\"text-align: left;\">Asistencia Integral al turista<\/li>\n<li style=\"text-align: left;\">Seguros de viaje<\/li>\n<\/ul>\n<div class=\"et_pb_blurb_description\">\n<ul><\/ul>\n<ul><\/ul>\n<\/div>\n<p>[\/et_pb_blurb][\/et_pb_column][et_pb_column type=\u00bb1_3&#8243; _builder_version=\u00bb4.16&#8243; custom_padding=\u00bb|||\u00bb global_colors_info=\u00bb{}\u00bb custom_padding__hover=\u00bb|||\u00bb][et_pb_blurb _builder_version=\u00bb4.27.3&#8243; header_font=\u00bbLato|900||on|||||\u00bb header_font_size=\u00bb15px\u00bb header_letter_spacing=\u00bb1px\u00bb header_line_height=\u00bb1.4em\u00bb body_font=\u00bbLato||||||||\u00bb body_text_color=\u00bb#898f99&#8243; body_font_size=\u00bb16px\u00bb body_line_height=\u00bb1.6em\u00bb background_video_mp4=\u00bbhttps:\/\/www.venetur.com\/wp-content\/uploads\/2024\/11\/vive-tu-aventura.mp4&#8243; background_video_width=\u00bb50&#8243; text_orientation=\u00bbcenter\u00bb height=\u00bb1000px\u00bb custom_margin=\u00bb|-100px||-57px|false|false\u00bb custom_padding=\u00bb|||\u00bb animation_style=\u00bbslide\u00bb animation_direction=\u00bbbottom\u00bb animation_delay=\u00bb100ms\u00bb animation_intensity_slide=\u00bb4%\u00bb animation=\u00bboff\u00bb use_circle=\u00bbon\u00bb circle_color=\u00bb#3c39e6&#8243; global_colors_info=\u00bb{}\u00bb][\/et_pb_blurb][et_pb_blurb title=\u00bbOfrecemos Circuitos Tur\u00edsticos Especializados\u00bb _builder_version=\u00bb4.27.3&#8243; header_font=\u00bbLato|900||on|||||\u00bb header_font_size=\u00bb15px\u00bb header_letter_spacing=\u00bb1px\u00bb header_line_height=\u00bb1.4em\u00bb body_font=\u00bbLato||||||||\u00bb body_text_color=\u00bb#898f99&#8243; body_font_size=\u00bb16px\u00bb body_line_height=\u00bb1.6em\u00bb text_orientation=\u00bbcenter\u00bb custom_margin=\u00bb|-50px|||false|false\u00bb custom_padding=\u00bb|||\u00bb animation_style=\u00bbslide\u00bb animation_direction=\u00bbbottom\u00bb animation_delay=\u00bb100ms\u00bb animation_intensity_slide=\u00bb4%\u00bb animation=\u00bboff\u00bb border_radii=\u00bbon|15px|15px|15px|15px\u00bb use_circle=\u00bbon\u00bb circle_color=\u00bb#3c39e6&#8243; global_colors_info=\u00bb{}\u00bb]<\/p>\n<ul>\n<li style=\"text-align: left;\">Pesca<\/li>\n<li style=\"text-align: left;\">Salud y est\u00e9tica<\/li>\n<li style=\"text-align: left;\">Observaci\u00f3n de aves<\/li>\n<li style=\"text-align: left;\">Religioso<\/li>\n<li style=\"text-align: left;\">Hist\u00f3rico cultural<\/li>\n<li style=\"text-align: left;\">Aventura<\/li>\n<li style=\"text-align: left;\">Ecol\u00f3gico<\/li>\n<li style=\"text-align: left;\">Deportivo<\/li>\n<\/ul>\n<p>[\/et_pb_blurb][\/et_pb_column][et_pb_column type=\u00bb1_3&#8243; _builder_version=\u00bb4.16&#8243; custom_padding=\u00bb|||\u00bb global_colors_info=\u00bb{}\u00bb custom_padding__hover=\u00bb|||\u00bb][et_pb_blurb content_max_width=\u00bb320px\u00bb _builder_version=\u00bb4.27.3&#8243; header_font=\u00bbLato|900||on|||||\u00bb header_font_size=\u00bb15px\u00bb header_letter_spacing=\u00bb1px\u00bb header_line_height=\u00bb1.4em\u00bb body_font=\u00bbLato||||||||\u00bb body_text_color=\u00bb#898f99&#8243; body_font_size=\u00bb16px\u00bb body_line_height=\u00bb1.6em\u00bb background_video_mp4=\u00bbhttps:\/\/www.venetur.com\/wp-content\/uploads\/2024\/11\/experiencias.mp4&#8243; background_video_width=\u00bb50&#8243; transform_translate_linked=\u00bboff\u00bb text_orientation=\u00bbcenter\u00bb height=\u00bb1000px\u00bb custom_margin=\u00bb|-172px||30px|false|false\u00bb custom_padding=\u00bb|0px|||false|false\u00bb animation_style=\u00bbslide\u00bb animation_direction=\u00bbbottom\u00bb animation_delay=\u00bb200ms\u00bb animation_intensity_slide=\u00bb4%\u00bb animation=\u00bboff\u00bb use_circle=\u00bbon\u00bb circle_color=\u00bb#3c39e6&#8243; global_colors_info=\u00bb{}\u00bb][\/et_pb_blurb][et_pb_blurb title=\u00bbOfrecemos\u00bb content_max_width=\u00bb320px\u00bb _builder_version=\u00bb4.27.3&#8243; header_font=\u00bbLato|900||on|||||\u00bb header_font_size=\u00bb15px\u00bb header_letter_spacing=\u00bb1px\u00bb header_line_height=\u00bb1.4em\u00bb body_font=\u00bbLato||||||||\u00bb body_text_color=\u00bb#898f99&#8243; body_font_size=\u00bb16px\u00bb body_line_height=\u00bb1.6em\u00bb text_orientation=\u00bbcenter\u00bb custom_margin=\u00bb|-160px||50px|false|false\u00bb custom_padding=\u00bb|||\u00bb animation_style=\u00bbslide\u00bb animation_direction=\u00bbbottom\u00bb animation_delay=\u00bb200ms\u00bb animation_intensity_slide=\u00bb4%\u00bb animation=\u00bboff\u00bb border_radii=\u00bbon|15px|15px|15px|15px\u00bb use_circle=\u00bbon\u00bb circle_color=\u00bb#3c39e6&#8243; global_colors_info=\u00bb{}\u00bb]<\/p>\n<ul>\n<li style=\"text-align: left;\">Experiencia<\/li>\n<li style=\"text-align: left;\">Seguridad<\/li>\n<li style=\"text-align: left;\">Confiabilidad<\/li>\n<\/ul>\n<p>[\/et_pb_blurb][\/et_pb_column][\/et_pb_row][\/et_pb_section][et_pb_section fb_built=\u00bb1&#8243; admin_label=\u00bbHero section\u00bb _builder_version=\u00bb4.27.3&#8243; use_background_color_gradient=\u00bbon\u00bb background_color_gradient_stops=\u00bbrgba(150,105,97,0.67) 0%|rgba(2,0,76,0.84) 100%\u00bb background_color_gradient_overlays_image=\u00bbon\u00bb background_color_gradient_start=\u00bbrgba(150,105,97,0.67)\u00bb background_color_gradient_end=\u00bbrgba(2,0,76,0.84)\u00bb background_image=\u00bbhttps:\/\/www.venetur.com\/wp-content\/uploads\/2024\/11\/MERIDA-9-scaled.jpg\u00bb background_position=\u00bbtop_center\u00bb custom_margin=\u00bb|||\u00bb custom_padding=\u00bb10%||0%|||\u00bb global_colors_info=\u00bb{}\u00bb][et_pb_row _builder_version=\u00bb4.16&#8243; custom_margin=\u00bb|||\u00bb global_colors_info=\u00bb{}\u00bb][et_pb_column type=\u00bb4_4&#8243; _builder_version=\u00bb4.16&#8243; custom_padding=\u00bb|||\u00bb global_colors_info=\u00bb{}\u00bb custom_padding__hover=\u00bb|||\u00bb][et_pb_cta title=\u00bb\u00a1Descubre lo mejor de tu pr\u00f3ximo viaje ahora!\u00bb button_url=\u00bbhttps:\/\/www.venetur.com\/index.php\/paquetes-2\/\u00bb button_text=\u00bbver paquetes\u00bb _builder_version=\u00bb4.27.3&#8243; header_font=\u00bbLato|900||on|||||\u00bb header_font_size=\u00bb48px\u00bb header_letter_spacing=\u00bb2px\u00bb header_line_height=\u00bb1.2em\u00bb body_font=\u00bbLato||||||||\u00bb body_font_size=\u00bb20px\u00bb body_line_height=\u00bb1.8em\u00bb use_background_color=\u00bboff\u00bb custom_button=\u00bbon\u00bb button_text_size=\u00bb16px\u00bb button_text_color=\u00bb#ffffff\u00bb button_bg_color=\u00bb#fa7f28&#8243; button_border_width=\u00bb6px\u00bb button_border_color=\u00bb#fa7f28&#8243; button_border_radius=\u00bb5px\u00bb button_letter_spacing=\u00bb2px\u00bb button_font=\u00bbLato|900||on|||||\u00bb max_width=\u00bb750px\u00bb module_alignment=\u00bbcenter\u00bb animation_style=\u00bbfold\u00bb header_font_size_tablet=\u00bb40px\u00bb header_font_size_phone=\u00bb\u00bb header_font_size_last_edited=\u00bbon|tablet\u00bb header_text_shadow_style=\u00bbpreset1&#8243; header_text_shadow_blur_strength=\u00bb0.6em\u00bb header_text_shadow_color=\u00bbrgba(0,0,0,0.24)\u00bb box_shadow_style_button=\u00bbpreset3&#8243; box_shadow_blur_button=\u00bb30px\u00bb box_shadow_spread_button=\u00bb8px\u00bb box_shadow_color_button=\u00bbrgba(250,127,40,0.15)\u00bb button_letter_spacing_hover=\u00bb2px\u00bb global_colors_info=\u00bb{}\u00bb button_text_size__hover_enabled=\u00bboff\u00bb button_one_text_size__hover_enabled=\u00bboff\u00bb button_two_text_size__hover_enabled=\u00bboff\u00bb button_text_color__hover_enabled=\u00bboff\u00bb button_one_text_color__hover_enabled=\u00bboff\u00bb button_two_text_color__hover_enabled=\u00bboff\u00bb button_border_width__hover_enabled=\u00bboff\u00bb button_one_border_width__hover_enabled=\u00bboff\u00bb button_two_border_width__hover_enabled=\u00bboff\u00bb button_border_color__hover_enabled=\u00bboff\u00bb button_one_border_color__hover_enabled=\u00bboff\u00bb button_two_border_color__hover_enabled=\u00bboff\u00bb button_border_radius__hover_enabled=\u00bboff\u00bb button_one_border_radius__hover_enabled=\u00bboff\u00bb button_two_border_radius__hover_enabled=\u00bboff\u00bb button_letter_spacing__hover_enabled=\u00bbon\u00bb button_letter_spacing__hover=\u00bb2px\u00bb button_one_letter_spacing__hover_enabled=\u00bboff\u00bb button_two_letter_spacing__hover_enabled=\u00bboff\u00bb button_bg_color__hover_enabled=\u00bboff\u00bb button_one_bg_color__hover_enabled=\u00bboff\u00bb button_two_bg_color__hover_enabled=\u00bboff\u00bb]<\/p>\n<p><span>En Venetur, nuestro compromiso es ofrecer experiencias tur\u00edsticas excepcionales que conecten a las personas con la belleza y diversidad de nuestro pa\u00eds, guiados por el valor de la sostenibilidad y la atenci\u00f3n personalizada.<\/span><\/p>\n<p>[\/et_pb_cta][\/et_pb_column][\/et_pb_row][et_pb_row column_structure=\u00bb1_4,1_4,1_4,1_4&#8243; _builder_version=\u00bb4.27.3&#8243; _module_preset=\u00bbdefault\u00bb custom_margin=\u00bb50px|-51px||35px|false|false\u00bb custom_padding=\u00bb|0px|6px||false|false\u00bb animation_style=\u00bbfade\u00bb global_colors_info=\u00bb{}\u00bb][et_pb_column type=\u00bb1_4&#8243; _builder_version=\u00bb4.27.3&#8243; _module_preset=\u00bbdefault\u00bb global_colors_info=\u00bb{}\u00bb][et_pb_text _builder_version=\u00bb4.27.3&#8243; _module_preset=\u00bbdefault\u00bb custom_margin=\u00bb||||false|false\u00bb custom_padding=\u00bb|28px|||false|false\u00bb global_colors_info=\u00bb{}\u00bb]<\/p>\n<p><span style=\"color: #ffffff;\"><strong>Direcci\u00f3n<\/strong> <strong>Oficina Comercial<\/strong>:<\/span><\/p>\n<p style=\"text-align: justify;\"><span style=\"color: #ffffff;\">Avenida Francisco de Miranda &#8211; Altamira. Municipio Chacao, estado Miranda. Centro Plaza, Planta Baja.<\/span><\/p>\n<p>[\/et_pb_text][et_pb_text _builder_version=\u00bb4.27.3&#8243; _module_preset=\u00bbdefault\u00bb width=\u00bb140%\u00bb custom_margin=\u00bb||||false|false\u00bb custom_padding=\u00bb|28px|||false|false\u00bb global_colors_info=\u00bb{}\u00bb]<\/p>\n<p><span style=\"color: #ffffff;\"><strong>Oficina Administrativa:<\/strong><\/span> <span style=\"color: #ffffff;\">Torre B, Piso 16.<\/span><\/p>\n<p>[\/et_pb_text][\/et_pb_column][et_pb_column type=\u00bb1_4&#8243; _builder_version=\u00bb4.27.3&#8243; _module_preset=\u00bbdefault\u00bb global_colors_info=\u00bb{}\u00bb][et_pb_text _builder_version=\u00bb4.27.3&#8243; _module_preset=\u00bbdefault\u00bb width=\u00bb140%\u00bb custom_margin=\u00bb||||false|false\u00bb custom_padding=\u00bb|28px|||false|false\u00bb global_colors_info=\u00bb{}\u00bb]<\/p>\n<p style=\"text-align: left;\"><span style=\"color: #ffffff;\"><strong>Solicita informaci\u00f3n\u00a0v\u00eda WhatsApp 24\/7:<\/strong><\/span><\/p>\n<p style=\"text-align: left;\"><span style=\"color: #ffffff;\"><strong><\/strong><\/span><span style=\"color: #ffffff;\">(+58 412)-283.27.62<\/span><\/p>\n<p style=\"text-align: left;\"><span style=\"color: #ffffff;\">(+58 412)-283.27.56<\/span><\/p>\n<p>[\/et_pb_text][\/et_pb_column][et_pb_column type=\u00bb1_4&#8243; _builder_version=\u00bb4.27.3&#8243; _module_preset=\u00bbdefault\u00bb global_colors_info=\u00bb{}\u00bb][et_pb_text _builder_version=\u00bb4.27.3&#8243; _module_preset=\u00bbdefault\u00bb width=\u00bb140%\u00bb custom_margin=\u00bb|||75px|false|false\u00bb global_colors_info=\u00bb{}\u00bb]<\/p>\n<p><span style=\"color: #ffffff;\"><strong>N\u00famero de tel\u00e9fono de la Oficina Comercial<\/strong>:<\/span><\/p>\n<p><span style=\"color: #ffffff;\">(+58 212)-286.16.13\u00a0 \u00a0\/\u00a0 \u00a0(+58 212)-286.16.70<\/span><\/p>\n<p><span style=\"color: #ffffff;\">(+58 212)-286.40.08\u00a0 \u00a0\/\u00a0 \u00a0(+58 212)-286.20.68<\/span><\/p>\n<p><span style=\"color: #ffffff;\">(+58 212)-283.96.35\u00a0 \u00a0\/\u00a0 \u00a0(+58 212)-286.36.19<\/span><\/p>\n<p><span style=\"color: #ffffff;\">(+58 212)-286.62.53\u00a0 \u00a0\/\u00a0 \u00a0(+58 212)-286.01.80<\/span><\/p>\n<p><span style=\"color: #ffffff;\">(+58 212)-283.98.65\u00a0 \u00a0\/\u00a0 \u00a0(+58 212)-283.93.46<\/span><\/p>\n<p>[\/et_pb_text][\/et_pb_column][et_pb_column type=\u00bb1_4&#8243; _builder_version=\u00bb4.27.3&#8243; _module_preset=\u00bbdefault\u00bb global_colors_info=\u00bb{}\u00bb][et_pb_text _builder_version=\u00bb4.27.3&#8243; _module_preset=\u00bbdefault\u00bb width=\u00bb140%\u00bb custom_margin=\u00bb|||175px|false|false\u00bb global_colors_info=\u00bb{}\u00bb]<\/p>\n<p><span style=\"color: #ffffff;\"><strong>Para realizar solicitudes:<\/strong><\/span><\/p>\n<p><span style=\"color: #ffffff;\"><a href=\"mailto:coordinacionventasvenetur@gmail.com\" style=\"color: #ffffff;\">coordinacionventasvenetur@gmail.com<\/a><\/span><\/p>\n<p><span style=\"color: #ffffff;\"><a href=\"mailto:oficinaveneturcp@gmail.com\" style=\"color: #ffffff;\">oficinaveneturcp@gmail.com<\/a><\/span><\/p>\n<p>[\/et_pb_text][\/et_pb_column][\/et_pb_row][et_pb_row column_structure=\u00bb1_2,1_2&#8243; _builder_version=\u00bb4.27.3&#8243; _module_preset=\u00bbdefault\u00bb custom_margin=\u00bb|||120px|false|false\u00bb custom_padding=\u00bb||||false|false\u00bb animation_style=\u00bbfade\u00bb global_colors_info=\u00bb{}\u00bb][et_pb_column type=\u00bb1_2&#8243; _builder_version=\u00bb4.27.3&#8243; _module_preset=\u00bbdefault\u00bb global_colors_info=\u00bb{}\u00bb][et_pb_text _builder_version=\u00bb4.27.3&#8243; _module_preset=\u00bbdefault\u00bb width=\u00bb150%\u00bb custom_margin=\u00bb||||false|false\u00bb custom_padding=\u00bb80px||||false|false\u00bb global_colors_info=\u00bb{}\u00bb]<\/p>\n<p><span style=\"color: #ffffff;\">Copyright 2024 Todos los derechos reservados por OTIC &#8211; Venetur S.A. <\/span><\/p>\n<p>[\/et_pb_text][\/et_pb_column][et_pb_column type=\u00bb1_2&#8243; _builder_version=\u00bb4.27.3&#8243; _module_preset=\u00bbdefault\u00bb global_colors_info=\u00bb{}\u00bb][et_pb_text _builder_version=\u00bb4.27.3&#8243; _module_preset=\u00bbdefault\u00bb width=\u00bb80%\u00bb custom_margin=\u00bb80px|||250px|false|false\u00bb custom_padding=\u00bb||||false|false\u00bb global_colors_info=\u00bb{}\u00bb]<\/p>\n<p><span style=\"color: #ffffff;\">Some pictures are Designed by Freepik <a href=\"http:\/\/www.freepik.es\/\" target=\"_blank\" rel=\"noreferrer noopener\" style=\"color: #ffffff;\">www.freepik.es<\/a><\/span><\/p>\n<p>[\/et_pb_text][\/et_pb_column][\/et_pb_row][\/et_pb_section]<\/p>\n","protected":false},"excerpt":{"rendered":"<p>Nosotros La principal tour operadora del Estado Venezolano que, a trav\u00e9s de un novedoso y variado c\u00e1talogo de productos, ofrece al visitante nacional y extranjero alternativas tur\u00edsticas acordes a sus [&hellip;]<\/p>\n","protected":false},"author":1,"featured_media":0,"parent":0,"menu_order":0,"comment_status":"closed","ping_status":"closed","template":"","meta":{"_et_pb_use_builder":"on","_et_pb_old_content":"","_et_gb_content_width":"","inline_featured_image":false,"_joinchat":[],"footnotes":""},"class_list":["post-10653","page","type-page","status-publish","hentry"],"_links":{"self":[{"href":"https:\/\/www.venetur.com\/index.php\/wp-json\/wp\/v2\/pages\/10653","targetHints":{"allow":["GET"]}}],"collection":[{"href":"https:\/\/www.venetur.com\/index.php\/wp-json\/wp\/v2\/pages"}],"about":[{"href":"https:\/\/www.venetur.com\/index.php\/wp-json\/wp\/v2\/types\/page"}],"author":[{"embeddable":true,"href":"https:\/\/www.venetur.com\/index.php\/wp-json\/wp\/v2\/users\/1"}],"replies":[{"embeddable":true,"href":"https:\/\/www.venetur.com\/index.php\/wp-json\/wp\/v2\/comments?post=10653"}],"version-history":[{"count":20,"href":"https:\/\/www.venetur.com\/index.php\/wp-json\/wp\/v2\/pages\/10653\/revisions"}],"predecessor-version":[{"id":13530,"href":"https:\/\/www.venetur.com\/index.php\/wp-json\/wp\/v2\/pages\/10653\/revisions\/13530"}],"wp:attachment":[{"href":"https:\/\/www.venetur.com\/index.php\/wp-json\/wp\/v2\/media?parent=10653"}],"curies":[{"name":"wp","href":"https:\/\/api.w.org\/{rel}","templated":true}]}}